{"id":4107,"date":"2022-01-05T14:26:02","date_gmt":"2022-01-05T14:26:02","guid":{"rendered":"https:\/\/coocky.pl\/?post_type=product&#038;p=4107"},"modified":"2023-11-20T17:02:16","modified_gmt":"2023-11-20T17:02:16","slug":"szelki-puszorki-bezuciskowe-dla-psa-lub-kota-sp007","status":"publish","type":"product","link":"https:\/\/coocky.pl\/index.php\/produkt\/szelki-puszorki-bezuciskowe-dla-psa-lub-kota-sp007\/","title":{"rendered":"Szelki puszorki, bezuciskowe dla psa lub kota SP007"},"content":{"rendered":"<p>&nbsp;<\/p>\n<h2>Bezuciskowe szelki-kamizelki dla psa lub kota<\/h2>\n<ul>\n<li><b>Wz\u00f3r COOCKY &#8222;SP007 Samoloty&#8221;<\/b><\/li>\n<li><b>Szyte z lekkiego i przewiewnego materia\u0142u<\/b><\/li>\n<li><b>Kr\u00f3j polecany przez lekarzy weterynarii: szelki odci\u0105\u017caj\u0105 kr\u0119gos\u0142up, nie uciskaj\u0105 krtani, zapewniaj\u0105 optymalny rozk\u0142ad napi\u0119cia i zapobiegaj\u0105 powstawaniu uraz\u00f3w szyi<\/b><\/li>\n<li><b>Bardzo proste i wygodne w zak\u0142adaniu: szelki typu step-in. Wystarczy, by pupil stan\u0105\u0142 przednimi \u0142apkami w otworach szelek, w\u0142a\u015bciciel zapina szelki na plecach na mocny rzep i klamr\u0119 i mo\u017cna wychodzi\u0107 na spacer \ud83d\ude09<\/b><\/li>\n<li><b>Szelki posiadaj\u0105 dwa p\u00f3\u0142kola, gwarantuj\u0105ce bezpieczne zamocowanie smyczy<\/b><\/li>\n<li><b>Wyko\u0144czenie przy \u0142apkach wykonane z mi\u0119kkiej lam\u00f3wki zapobiega otarciom<\/b><\/li>\n<\/ul>\n<p><strong><em>SAM MO\u017bESZ ZAPROJEKTOWA\u0106 SZELKI DLA SWOJEGO PUPILA DOKUPUJ\u0104C WYBRANE OPCJE DODATKOWE, NP.:<\/em><\/strong><\/p>\n<p><strong>&#8211; haft imienia lub kr\u00f3tki tekst,<\/strong><\/p>\n<p><strong>&#8211; kokard\u0119 do szelek\/smyczy,<\/strong><\/p>\n<p><strong>&#8211; smycz ta\u015bmow\u0105.<\/strong><\/p>\n<p><strong><em>SAM ZDECYDUJ, JAKIE APLIKACJE MAJ\u0104 POSIADA\u0106 SZELKI DLA TWOJEGO PUPILA!<\/em><\/strong><\/p>\n<p>&nbsp;<\/p>\n<div class=\"_1bo4a _xu6h2 _1ylmp _2d49e_YrWCD\">\n<div class=\"_1voj4 _z9prt _1xzdi _ai5yc _5d6n2 _15lj1\">\n<div class=\"_2d49e_5pK0q\">\n<p><b>UWAGA! Oferowane produkty dedykowane s\u0105 dla ma\u0142ych ras, dlatego koniecznie zmierz swojego pupila (instrukcja mierzenia znajduje si\u0119 w zak\u0142adce &#8222;Sprawdzanie rozmiaru&#8221; po prawo od zdj\u0119cia miniaturowego u g\u00f3ry strony)<\/b><\/p>\n<p><b>Istnieje r\u00f3wnie\u017c mo\u017cliwo\u015b\u0107 wykonania szelek na miar\u0119 \ud83d\ude09<\/b><\/p>\n<\/div>\n<\/div>\n<\/div>\n<div class=\"_1bo4a _xu6h2 _1ylmp _2d49e_YrWCD\">\n<div class=\"_1voj4 _z9prt _1xzdi _ai5yc _5d6n2 _15lj1\">\n<div class=\"_2d49e_5pK0q\">\n<table>\n<tbody>\n<tr>\n<td width=\"201\"><strong>Rozmiar<\/strong><\/td>\n<td width=\"201\"><strong>D\u0142ugo\u015b\u0107 grzbietu (\u201e1\u201d)<\/strong><\/td>\n<td width=\"201\"><strong>Obw\u00f3d klatki piersiowej (\u201e3\u201d)<\/strong><\/td>\n<\/tr>\n<tr>\n<td width=\"201\">S<\/td>\n<td width=\"201\">23-25 cm<\/td>\n<td width=\"201\">30-34 cm<\/td>\n<\/tr>\n<tr>\n<td width=\"201\">M<\/td>\n<td width=\"201\">26-28 cm<\/td>\n<td width=\"201\">35-39 cm<\/td>\n<\/tr>\n<tr>\n<td width=\"201\">L<\/td>\n<td width=\"201\">29-32 cm<\/td>\n<td width=\"201\">40-45 cm<\/td>\n<\/tr>\n<tr>\n<td width=\"201\">XL<\/td>\n<td width=\"201\">33-36 cm<\/td>\n<td width=\"201\">46-51 cm<\/td>\n<\/tr>\n<tr>\n<td width=\"201\">XXL<\/td>\n<td width=\"201\">37-40 cm<\/td>\n<td width=\"201\">52-58 cm<\/td>\n<\/tr>\n<tr>\n<td width=\"201\">XXXL<\/td>\n<td width=\"201\">41-45 cm<\/td>\n<td width=\"201\">59-65 cm<\/td>\n<\/tr>\n<\/tbody>\n<\/table>\n<p><strong>Je\u017celi nie mo\u017cesz dobra\u0107 odpowiedniego rozmiaru dla swojego pupila skontaktuj si\u0119 z nami &#8211; ch\u0119tnie pomo\u017cemy \ud83d\ude09<\/strong><\/p>\n<\/div>\n<\/div>\n<\/div>\n","protected":false},"excerpt":{"rendered":"<p>&nbsp; Bezuciskowe szelki-kamizelki dla psa lub kota Wz\u00f3r COOCKY &#8222;SP007 Samoloty&#8221; Szyte z lekkiego i przewiewnego materia\u0142u Kr\u00f3j polecany przez lekarzy weterynarii: szelki odci\u0105\u017caj\u0105 kr\u0119gos\u0142up, nie uciskaj\u0105 krtani, zapewniaj\u0105 optymalny rozk\u0142ad napi\u0119cia i zapobiegaj\u0105 powstawaniu uraz\u00f3w szyi Bardzo proste i wygodne w zak\u0142adaniu: szelki typu step-in. Wystarczy, by pupil stan\u0105\u0142 przednimi \u0142apkami w otworach szelek, [&hellip;]<\/p>\n","protected":false},"featured_media":2950,"template":"","meta":{"_acf_changed":false,"site-sidebar-layout":"default","site-content-layout":"default","ast-site-content-layout":"","site-content-style":"default","site-sidebar-style":"default","ast-global-header-display":"","ast-banner-title-visibility":"","ast-main-header-display":"","ast-hfb-above-header-display":"","ast-hfb-below-header-display":"","ast-hfb-mobile-header-display":"","site-post-title":"","ast-breadcrumbs-content":"","ast-featured-img":"","footer-sml-layout":"","theme-transparent-header-meta":"default","adv-header-id-meta":"","stick-header-meta":"","header-above-stick-meta":"","header-main-stick-meta":"","header-below-stick-meta":"","astra-migrate-meta-layouts":"default","ast-page-background-enabled":"default","ast-page-background-meta":{"desktop":{"background-color":"var(--ast-global-color-4)","background-image":"","background-repeat":"repeat","background-position":"center center","background-size":"auto","background-attachment":"scroll","background-type":"","background-media":"","overlay-type":"","overlay-color":"","overlay-gradient":""},"tablet":{"background-color":"","background-image":"","background-repeat":"repeat","background-position":"center center","background-size":"auto","background-attachment":"scroll","background-type":"","background-media":"","overlay-type":"","overlay-color":"","overlay-gradient":""},"mobile":{"background-color":"","background-image":"","background-repeat":"repeat","background-position":"center center","background-size":"auto","background-attachment":"scroll","background-type":"","background-media":"","overlay-type":"","overlay-color":"","overlay-gradient":""}},"ast-content-background-meta":{"desktop":{"background-color":"var(--ast-global-color-5)","background-image":"","background-repeat":"repeat","background-position":"center center","background-size":"auto","background-attachment":"scroll","background-type":"","background-media":"","overlay-type":"","overlay-color":"","overlay-gradient":""},"tablet":{"background-color":"var(--ast-global-color-5)","background-image":"","background-repeat":"repeat","background-position":"center center","background-size":"auto","background-attachment":"scroll","background-type":"","background-media":"","overlay-type":"","overlay-color":"","overlay-gradient":""},"mobile":{"background-color":"var(--ast-global-color-5)","background-image":"","background-repeat":"repeat","background-position":"center center","background-size":"auto","background-attachment":"scroll","background-type":"","background-media":"","overlay-type":"","overlay-color":"","overlay-gradient":""}}},"product_cat":[165,159],"product_tag":[190,191,189,188],"acf":[],"yoast_head":"<!-- This site is optimized with the Yoast SEO plugin v22.5 - https:\/\/yoast.com\/wordpress\/plugins\/seo\/ -->\n<title>Szelki puszorki, bezuciskowe dla psa lub kota SP007 -<\/title>\n<meta name=\"description\" content=\"Szelki puszorki, bawe\u0142niane, bezuciskowe dla psa lub kota firmy Coocky. Polecane przez lekarzy weterynarii. Sam zaprojektuj szelki dla swojego pupila!\" \/>\n<meta name=\"robots\" content=\"index, follow, max-snippet:-1, max-image-preview:large, max-video-preview:-1\" \/>\n<link rel=\"canonical\" href=\"https:\/\/coocky.pl\/index.php\/produkt\/szelki-puszorki-bezuciskowe-dla-psa-lub-kota-sp007\/\" \/>\n<meta property=\"og:locale\" content=\"pl_PL\" \/>\n<meta property=\"og:type\" content=\"article\" \/>\n<meta property=\"og:title\" content=\"Szelki puszorki, bezuciskowe dla psa lub kota SP007 -\" \/>\n<meta property=\"og:description\" content=\"Szelki puszorki, bawe\u0142niane, bezuciskowe dla psa lub kota firmy Coocky. Polecane przez lekarzy weterynarii. Sam zaprojektuj szelki dla swojego pupila!\" \/>\n<meta property=\"og:url\" content=\"https:\/\/coocky.pl\/index.php\/produkt\/szelki-puszorki-bezuciskowe-dla-psa-lub-kota-sp007\/\" \/>\n<meta property=\"article:publisher\" content=\"https:\/\/www.facebook.com\/ubranka.coocky\" \/>\n<meta property=\"article:modified_time\" content=\"2023-11-20T17:02:16+00:00\" \/>\n<meta property=\"og:image\" content=\"https:\/\/coocky.pl\/wp-content\/uploads\/2020\/11\/SP007.jpg\" \/>\n\t<meta property=\"og:image:width\" content=\"1200\" \/>\n\t<meta property=\"og:image:height\" content=\"1200\" \/>\n\t<meta property=\"og:image:type\" content=\"image\/jpeg\" \/>\n<meta name=\"twitter:card\" content=\"summary_large_image\" \/>\n<meta name=\"twitter:label1\" content=\"Szacowany czas czytania\" \/>\n\t<meta name=\"twitter:data1\" content=\"2 minuty\" \/>\n<script type=\"application\/ld+json\" class=\"yoast-schema-graph\">{\"@context\":\"https:\/\/schema.org\",\"@graph\":[{\"@type\":\"WebPage\",\"@id\":\"https:\/\/coocky.pl\/index.php\/produkt\/szelki-puszorki-bezuciskowe-dla-psa-lub-kota-sp007\/\",\"url\":\"https:\/\/coocky.pl\/index.php\/produkt\/szelki-puszorki-bezuciskowe-dla-psa-lub-kota-sp007\/\",\"name\":\"Szelki puszorki, bezuciskowe dla psa lub kota SP007 -\",\"isPartOf\":{\"@id\":\"https:\/\/coocky.pl\/#website\"},\"primaryImageOfPage\":{\"@id\":\"https:\/\/coocky.pl\/index.php\/produkt\/szelki-puszorki-bezuciskowe-dla-psa-lub-kota-sp007\/#primaryimage\"},\"image\":{\"@id\":\"https:\/\/coocky.pl\/index.php\/produkt\/szelki-puszorki-bezuciskowe-dla-psa-lub-kota-sp007\/#primaryimage\"},\"thumbnailUrl\":\"https:\/\/coocky.pl\/wp-content\/uploads\/2020\/11\/SP007.jpg\",\"datePublished\":\"2022-01-05T14:26:02+00:00\",\"dateModified\":\"2023-11-20T17:02:16+00:00\",\"description\":\"Szelki puszorki, bawe\u0142niane, bezuciskowe dla psa lub kota firmy Coocky. Polecane przez lekarzy weterynarii. Sam zaprojektuj szelki dla swojego pupila!\",\"breadcrumb\":{\"@id\":\"https:\/\/coocky.pl\/index.php\/produkt\/szelki-puszorki-bezuciskowe-dla-psa-lub-kota-sp007\/#breadcrumb\"},\"inLanguage\":\"pl-PL\",\"potentialAction\":[{\"@type\":\"ReadAction\",\"target\":[\"https:\/\/coocky.pl\/index.php\/produkt\/szelki-puszorki-bezuciskowe-dla-psa-lub-kota-sp007\/\"]}]},{\"@type\":\"ImageObject\",\"inLanguage\":\"pl-PL\",\"@id\":\"https:\/\/coocky.pl\/index.php\/produkt\/szelki-puszorki-bezuciskowe-dla-psa-lub-kota-sp007\/#primaryimage\",\"url\":\"https:\/\/coocky.pl\/wp-content\/uploads\/2020\/11\/SP007.jpg\",\"contentUrl\":\"https:\/\/coocky.pl\/wp-content\/uploads\/2020\/11\/SP007.jpg\",\"width\":1200,\"height\":1200},{\"@type\":\"BreadcrumbList\",\"@id\":\"https:\/\/coocky.pl\/index.php\/produkt\/szelki-puszorki-bezuciskowe-dla-psa-lub-kota-sp007\/#breadcrumb\",\"itemListElement\":[{\"@type\":\"ListItem\",\"position\":1,\"name\":\"Strona g\u0142\u00f3wna\",\"item\":\"https:\/\/coocky.pl\/\"},{\"@type\":\"ListItem\",\"position\":2,\"name\":\"Sklep\",\"item\":\"https:\/\/coocky.pl\/index.php\/kategorie\/\"},{\"@type\":\"ListItem\",\"position\":3,\"name\":\"Szelki puszorki, bezuciskowe dla psa lub kota SP007\"}]},{\"@type\":\"WebSite\",\"@id\":\"https:\/\/coocky.pl\/#website\",\"url\":\"https:\/\/coocky.pl\/\",\"name\":\"\",\"description\":\"Sklep z ubrankami dla ps\u00f3w\",\"potentialAction\":[{\"@type\":\"SearchAction\",\"target\":{\"@type\":\"EntryPoint\",\"urlTemplate\":\"https:\/\/coocky.pl\/?s={search_term_string}\"},\"query-input\":\"required name=search_term_string\"}],\"inLanguage\":\"pl-PL\"}]}<\/script>\n<!-- \/ Yoast SEO plugin. -->","yoast_head_json":{"title":"Szelki puszorki, bezuciskowe dla psa lub kota SP007 -","description":"Szelki puszorki, bawe\u0142niane, bezuciskowe dla psa lub kota firmy Coocky. Polecane przez lekarzy weterynarii. Sam zaprojektuj szelki dla swojego pupila!","robots":{"index":"index","follow":"follow","max-snippet":"max-snippet:-1","max-image-preview":"max-image-preview:large","max-video-preview":"max-video-preview:-1"},"canonical":"https:\/\/coocky.pl\/index.php\/produkt\/szelki-puszorki-bezuciskowe-dla-psa-lub-kota-sp007\/","og_locale":"pl_PL","og_type":"article","og_title":"Szelki puszorki, bezuciskowe dla psa lub kota SP007 -","og_description":"Szelki puszorki, bawe\u0142niane, bezuciskowe dla psa lub kota firmy Coocky. Polecane przez lekarzy weterynarii. Sam zaprojektuj szelki dla swojego pupila!","og_url":"https:\/\/coocky.pl\/index.php\/produkt\/szelki-puszorki-bezuciskowe-dla-psa-lub-kota-sp007\/","article_publisher":"https:\/\/www.facebook.com\/ubranka.coocky","article_modified_time":"2023-11-20T17:02:16+00:00","og_image":[{"width":1200,"height":1200,"url":"https:\/\/coocky.pl\/wp-content\/uploads\/2020\/11\/SP007.jpg","type":"image\/jpeg"}],"twitter_card":"summary_large_image","twitter_misc":{"Szacowany czas czytania":"2 minuty"},"schema":{"@context":"https:\/\/schema.org","@graph":[{"@type":"WebPage","@id":"https:\/\/coocky.pl\/index.php\/produkt\/szelki-puszorki-bezuciskowe-dla-psa-lub-kota-sp007\/","url":"https:\/\/coocky.pl\/index.php\/produkt\/szelki-puszorki-bezuciskowe-dla-psa-lub-kota-sp007\/","name":"Szelki puszorki, bezuciskowe dla psa lub kota SP007 -","isPartOf":{"@id":"https:\/\/coocky.pl\/#website"},"primaryImageOfPage":{"@id":"https:\/\/coocky.pl\/index.php\/produkt\/szelki-puszorki-bezuciskowe-dla-psa-lub-kota-sp007\/#primaryimage"},"image":{"@id":"https:\/\/coocky.pl\/index.php\/produkt\/szelki-puszorki-bezuciskowe-dla-psa-lub-kota-sp007\/#primaryimage"},"thumbnailUrl":"https:\/\/coocky.pl\/wp-content\/uploads\/2020\/11\/SP007.jpg","datePublished":"2022-01-05T14:26:02+00:00","dateModified":"2023-11-20T17:02:16+00:00","description":"Szelki puszorki, bawe\u0142niane, bezuciskowe dla psa lub kota firmy Coocky. Polecane przez lekarzy weterynarii. Sam zaprojektuj szelki dla swojego pupila!","breadcrumb":{"@id":"https:\/\/coocky.pl\/index.php\/produkt\/szelki-puszorki-bezuciskowe-dla-psa-lub-kota-sp007\/#breadcrumb"},"inLanguage":"pl-PL","potentialAction":[{"@type":"ReadAction","target":["https:\/\/coocky.pl\/index.php\/produkt\/szelki-puszorki-bezuciskowe-dla-psa-lub-kota-sp007\/"]}]},{"@type":"ImageObject","inLanguage":"pl-PL","@id":"https:\/\/coocky.pl\/index.php\/produkt\/szelki-puszorki-bezuciskowe-dla-psa-lub-kota-sp007\/#primaryimage","url":"https:\/\/coocky.pl\/wp-content\/uploads\/2020\/11\/SP007.jpg","contentUrl":"https:\/\/coocky.pl\/wp-content\/uploads\/2020\/11\/SP007.jpg","width":1200,"height":1200},{"@type":"BreadcrumbList","@id":"https:\/\/coocky.pl\/index.php\/produkt\/szelki-puszorki-bezuciskowe-dla-psa-lub-kota-sp007\/#breadcrumb","itemListElement":[{"@type":"ListItem","position":1,"name":"Strona g\u0142\u00f3wna","item":"https:\/\/coocky.pl\/"},{"@type":"ListItem","position":2,"name":"Sklep","item":"https:\/\/coocky.pl\/index.php\/kategorie\/"},{"@type":"ListItem","position":3,"name":"Szelki puszorki, bezuciskowe dla psa lub kota SP007"}]},{"@type":"WebSite","@id":"https:\/\/coocky.pl\/#website","url":"https:\/\/coocky.pl\/","name":"","description":"Sklep z ubrankami dla ps\u00f3w","potentialAction":[{"@type":"SearchAction","target":{"@type":"EntryPoint","urlTemplate":"https:\/\/coocky.pl\/?s={search_term_string}"},"query-input":"required name=search_term_string"}],"inLanguage":"pl-PL"}]}},"_links":{"self":[{"href":"https:\/\/coocky.pl\/index.php\/wp-json\/wp\/v2\/product\/4107"}],"collection":[{"href":"https:\/\/coocky.pl\/index.php\/wp-json\/wp\/v2\/product"}],"about":[{"href":"https:\/\/coocky.pl\/index.php\/wp-json\/wp\/v2\/types\/product"}],"version-history":[{"count":0,"href":"https:\/\/coocky.pl\/index.php\/wp-json\/wp\/v2\/product\/4107\/revisions"}],"wp:featuredmedia":[{"embeddable":true,"href":"https:\/\/coocky.pl\/index.php\/wp-json\/wp\/v2\/media\/2950"}],"wp:attachment":[{"href":"https:\/\/coocky.pl\/index.php\/wp-json\/wp\/v2\/media?parent=4107"}],"wp:term":[{"taxonomy":"product_cat","embeddable":true,"href":"https:\/\/coocky.pl\/index.php\/wp-json\/wp\/v2\/product_cat?post=4107"},{"taxonomy":"product_tag","embeddable":true,"href":"https:\/\/coocky.pl\/index.php\/wp-json\/wp\/v2\/product_tag?post=4107"}],"curies":[{"name":"wp","href":"https:\/\/api.w.org\/{rel}","templated":true}]}}