{"id":3565,"date":"2021-05-25T14:04:20","date_gmt":"2021-05-25T14:04:20","guid":{"rendered":"https:\/\/coocky.pl\/?post_type=product&#038;p=3565"},"modified":"2024-09-09T14:11:10","modified_gmt":"2024-09-09T12:11:10","slug":"szelki-dla-psa-bezuciskowe-gwiazdki","status":"publish","type":"product","link":"https:\/\/coocky.pl\/index.php\/produkt\/szelki-dla-psa-bezuciskowe-gwiazdki\/","title":{"rendered":"Szelki bawe\u0142niane bezuciskowe dla psa &#8211; GWIAZDKI"},"content":{"rendered":"<h3>Szelki bawe\u0142niane bezuciskowe firmy COOCKY dla psa lub kota<\/h3>\n<p>&nbsp;<\/p>\n<p>Materia\u0142 wierzchni: bawe\u0142na we wzory<\/p>\n<p>Podszycie: bawe\u0142na jednokolorowa<\/p>\n<p style=\"margin: 0cm; line-height: 150%;\">Szelki zapewniaj\u0105 komfort w noszeniu.<\/p>\n<p style=\"margin: 0cm; line-height: 150%;\">Ca\u0142kowicie odci\u0105\u017caj\u0105 kr\u0119gos\u0142up i nie uciskaj\u0105 krtani pupila.<\/p>\n<p style=\"margin: 0cm; line-height: 150%;\">POLECANE PRZEZ LEKARZY WETERYNARII.<\/p>\n<p style=\"margin: 0cm; line-height: 150%;\">Idealne dla wszystkich piesk\u00f3w, a w szczeg\u00f3lno\u015bci dla tych, kt\u00f3re lubi\u0105 ci\u0105gn\u0105\u0107 na spacerach.<\/p>\n<p style=\"margin: 0cm; line-height: 150%;\">Wykonane z materia\u0142\u00f3w bardzo dobrej jako\u015bci.<\/p>\n<p style=\"margin: 0cm; line-height: 150%;\">Szelki szyte s\u0105 z bawe\u0142ny, dzi\u0119ki czemu s\u0105 lekkie i przewiewne.<\/p>\n<p>&nbsp;<\/p>\n<h4>Wymiar podany w kolumnie &#8222;Obw\u00f3d klatki piersiowej&#8221; to wymiar szelek przed i po rozszerzeniu na ta\u015bmach regulacyjnych.<\/h4>\n<h4><\/h4>\n<h4>Uwaga: Je\u015bli wymiary Twojego pupila nie pasuj\u0105 do \u017cadnego z poni\u017cej podanych rozmiar\u00f3w, istnieje mo\u017cliwo\u015b\u0107 uszycia szelek na miar\u0119<\/h4>\n<div class=\"_1bo4a _xu6h2 _1ylmp _2d49e_YrWCD\">\n<div class=\"_1voj4 _z9prt _1xzdi _ai5yc _5d6n2 _15lj1\">\n<div class=\"_2d49e_5pK0q\">\n<table>\n<tbody>\n<tr>\n<td width=\"201\"><strong>Rozmiar<\/strong><\/td>\n<td width=\"201\"><strong>D\u0142ugo\u015b\u0107 grzbietu (\u201e1\u201d)<\/strong><\/td>\n<td width=\"201\"><strong>Obw\u00f3d klatki piersiowej (\u201e3\u201d)<\/strong><\/td>\n<\/tr>\n<tr>\n<td width=\"201\">S<\/td>\n<td width=\"201\">23-25 cm<\/td>\n<td width=\"201\">30-34 cm<\/td>\n<\/tr>\n<tr>\n<td width=\"201\">M<\/td>\n<td width=\"201\">26-28 cm<\/td>\n<td width=\"201\">35-39 cm<\/td>\n<\/tr>\n<tr>\n<td width=\"201\">L<\/td>\n<td width=\"201\">29-32 cm<\/td>\n<td width=\"201\">40-45 cm<\/td>\n<\/tr>\n<tr>\n<td width=\"201\">XL<\/td>\n<td width=\"201\">33-36 cm<\/td>\n<td width=\"201\">46-51 cm<\/td>\n<\/tr>\n<tr>\n<td width=\"201\">XXL<\/td>\n<td width=\"201\">37-40 cm<\/td>\n<td width=\"201\">52-58 cm<\/td>\n<\/tr>\n<tr>\n<td width=\"201\">XXXL<\/td>\n<td width=\"201\">41-45 cm<\/td>\n<td width=\"201\">59-65 cm<\/td>\n<\/tr>\n<\/tbody>\n<\/table>\n<p><b>ABY W\u0141A\u015aCIWIE DOBRA\u0106 ROZMIAR SZELEK, ZMIERZ SWOJEGO PUPILA WED\u0141UG INSTRUKCJI<\/b><\/p>\n<p><b>1 &#8211; d\u0142ugo\u015b\u0107 od nasady szyi do pocz\u0105tku ogona<\/b><\/p>\n<p><b>2 &#8211; obw\u00f3d u nasady szyi<\/b><\/p>\n<p><b>3 &#8211; obw\u00f3d klatki piersiowej w jej najszerszym miejscu<\/b><\/p>\n<h3>Wa\u017cne:<\/h3>\n<h3>Pieska mierzymy bez dodania tzw. luzu!!!<\/h3>\n<\/div>\n<h4><\/h4>\n<h4><\/h4>\n<h4>Je\u015bli wymiary Twojego pupila nie pasuj\u0105 do \u017cadnego z podanych rozmiar\u00f3w, istnieje mo\u017cliwo\u015b\u0107 uszycia szelek na miar\u0119!!!<\/h4>\n<p>&nbsp;<\/p>\n<\/div>\n<\/div>\n","protected":false},"excerpt":{"rendered":"<p>Szelki bawe\u0142niane bezuciskowe firmy COOCKY dla psa lub kota &nbsp; Materia\u0142 wierzchni: bawe\u0142na we wzory Podszycie: bawe\u0142na jednokolorowa Szelki zapewniaj\u0105 komfort w noszeniu. Ca\u0142kowicie odci\u0105\u017caj\u0105 kr\u0119gos\u0142up i nie uciskaj\u0105 krtani pupila. POLECANE PRZEZ LEKARZY WETERYNARII. Idealne dla wszystkich piesk\u00f3w, a w szczeg\u00f3lno\u015bci dla tych, kt\u00f3re lubi\u0105 ci\u0105gn\u0105\u0107 na spacerach. Wykonane z materia\u0142\u00f3w bardzo dobrej jako\u015bci. [&hellip;]<\/p>\n","protected":false},"featured_media":5514,"template":"","meta":{"_acf_changed":false,"site-sidebar-layout":"default","site-content-layout":"default","ast-site-content-layout":"default","site-content-style":"default","site-sidebar-style":"default","ast-global-header-display":"","ast-banner-title-visibility":"","ast-main-header-display":"","ast-hfb-above-header-display":"","ast-hfb-below-header-display":"","ast-hfb-mobile-header-display":"","site-post-title":"","ast-breadcrumbs-content":"","ast-featured-img":"","footer-sml-layout":"","theme-transparent-header-meta":"default","adv-header-id-meta":"","stick-header-meta":"","header-above-stick-meta":"","header-main-stick-meta":"","header-below-stick-meta":"","astra-migrate-meta-layouts":"set","ast-page-background-enabled":"default","ast-page-background-meta":{"desktop":{"background-color":"var(--ast-global-color-4)","background-image":"","background-repeat":"repeat","background-position":"center center","background-size":"auto","background-attachment":"scroll","background-type":"","background-media":"","overlay-type":"","overlay-color":"","overlay-gradient":""},"tablet":{"background-color":"","background-image":"","background-repeat":"repeat","background-position":"center center","background-size":"auto","background-attachment":"scroll","background-type":"","background-media":"","overlay-type":"","overlay-color":"","overlay-gradient":""},"mobile":{"background-color":"","background-image":"","background-repeat":"repeat","background-position":"center center","background-size":"auto","background-attachment":"scroll","background-type":"","background-media":"","overlay-type":"","overlay-color":"","overlay-gradient":""}},"ast-content-background-meta":{"desktop":{"background-color":"var(--ast-global-color-5)","background-image":"","background-repeat":"repeat","background-position":"center center","background-size":"auto","background-attachment":"scroll","background-type":"","background-media":"","overlay-type":"","overlay-color":"","overlay-gradient":""},"tablet":{"background-color":"var(--ast-global-color-5)","background-image":"","background-repeat":"repeat","background-position":"center center","background-size":"auto","background-attachment":"scroll","background-type":"","background-media":"","overlay-type":"","overlay-color":"","overlay-gradient":""},"mobile":{"background-color":"var(--ast-global-color-5)","background-image":"","background-repeat":"repeat","background-position":"center center","background-size":"auto","background-attachment":"scroll","background-type":"","background-media":"","overlay-type":"","overlay-color":"","overlay-gradient":""}}},"product_cat":[163],"product_tag":[191,195,194],"acf":[],"yoast_head":"<!-- This site is optimized with the Yoast SEO plugin v22.5 - https:\/\/yoast.com\/wordpress\/plugins\/seo\/ -->\n<title>Bezuciskowe Szelki dla Psa i Kota w Gwiazdki - Szelki dla Ps\u00f3w.<\/title>\n<meta name=\"description\" content=\"Bezuciskowe szelki dla ps\u00f3w w efektowny wz\u00f3r, to doskona\u0142y wyb\u00f3r dla czworonog\u00f3w ka\u017cdej rasy. Szelki bezuciskowe \u015bwietnie sprawdz\u0105 si\u0119 tak\u017ce u kot\u00f3w!\" \/>\n<meta name=\"robots\" content=\"index, follow, max-snippet:-1, max-image-preview:large, max-video-preview:-1\" \/>\n<link rel=\"canonical\" href=\"https:\/\/coocky.pl\/index.php\/produkt\/szelki-dla-psa-bezuciskowe-gwiazdki\/\" \/>\n<meta property=\"og:locale\" content=\"pl_PL\" \/>\n<meta property=\"og:type\" content=\"article\" \/>\n<meta property=\"og:title\" content=\"Bezuciskowe Szelki dla Psa i Kota w Gwiazdki - Szelki dla Ps\u00f3w.\" \/>\n<meta property=\"og:description\" content=\"Bezuciskowe szelki dla ps\u00f3w w efektowny wz\u00f3r, to doskona\u0142y wyb\u00f3r dla czworonog\u00f3w ka\u017cdej rasy. Szelki bezuciskowe \u015bwietnie sprawdz\u0105 si\u0119 tak\u017ce u kot\u00f3w!\" \/>\n<meta property=\"og:url\" content=\"https:\/\/coocky.pl\/index.php\/produkt\/szelki-dla-psa-bezuciskowe-gwiazdki\/\" \/>\n<meta property=\"article:publisher\" content=\"https:\/\/www.facebook.com\/ubranka.coocky\" \/>\n<meta property=\"article:modified_time\" content=\"2024-09-09T12:11:10+00:00\" \/>\n<meta property=\"og:image\" content=\"https:\/\/coocky.pl\/wp-content\/uploads\/2021\/05\/szelki3-scaled.jpg\" \/>\n\t<meta property=\"og:image:width\" content=\"2560\" \/>\n\t<meta property=\"og:image:height\" content=\"1619\" \/>\n\t<meta property=\"og:image:type\" content=\"image\/jpeg\" \/>\n<meta name=\"twitter:card\" content=\"summary_large_image\" \/>\n<meta name=\"twitter:label1\" content=\"Szacowany czas czytania\" \/>\n\t<meta name=\"twitter:data1\" content=\"2 minuty\" \/>\n<script type=\"application\/ld+json\" class=\"yoast-schema-graph\">{\"@context\":\"https:\/\/schema.org\",\"@graph\":[{\"@type\":\"WebPage\",\"@id\":\"https:\/\/coocky.pl\/index.php\/produkt\/szelki-dla-psa-bezuciskowe-gwiazdki\/\",\"url\":\"https:\/\/coocky.pl\/index.php\/produkt\/szelki-dla-psa-bezuciskowe-gwiazdki\/\",\"name\":\"Bezuciskowe Szelki dla Psa i Kota w Gwiazdki - Szelki dla Ps\u00f3w.\",\"isPartOf\":{\"@id\":\"https:\/\/coocky.pl\/#website\"},\"primaryImageOfPage\":{\"@id\":\"https:\/\/coocky.pl\/index.php\/produkt\/szelki-dla-psa-bezuciskowe-gwiazdki\/#primaryimage\"},\"image\":{\"@id\":\"https:\/\/coocky.pl\/index.php\/produkt\/szelki-dla-psa-bezuciskowe-gwiazdki\/#primaryimage\"},\"thumbnailUrl\":\"https:\/\/coocky.pl\/wp-content\/uploads\/2021\/05\/szelki3-scaled.jpg\",\"datePublished\":\"2021-05-25T14:04:20+00:00\",\"dateModified\":\"2024-09-09T12:11:10+00:00\",\"description\":\"Bezuciskowe szelki dla ps\u00f3w w efektowny wz\u00f3r, to doskona\u0142y wyb\u00f3r dla czworonog\u00f3w ka\u017cdej rasy. Szelki bezuciskowe \u015bwietnie sprawdz\u0105 si\u0119 tak\u017ce u kot\u00f3w!\",\"breadcrumb\":{\"@id\":\"https:\/\/coocky.pl\/index.php\/produkt\/szelki-dla-psa-bezuciskowe-gwiazdki\/#breadcrumb\"},\"inLanguage\":\"pl-PL\",\"potentialAction\":[{\"@type\":\"ReadAction\",\"target\":[\"https:\/\/coocky.pl\/index.php\/produkt\/szelki-dla-psa-bezuciskowe-gwiazdki\/\"]}]},{\"@type\":\"ImageObject\",\"inLanguage\":\"pl-PL\",\"@id\":\"https:\/\/coocky.pl\/index.php\/produkt\/szelki-dla-psa-bezuciskowe-gwiazdki\/#primaryimage\",\"url\":\"https:\/\/coocky.pl\/wp-content\/uploads\/2021\/05\/szelki3-scaled.jpg\",\"contentUrl\":\"https:\/\/coocky.pl\/wp-content\/uploads\/2021\/05\/szelki3-scaled.jpg\",\"width\":2560,\"height\":1619},{\"@type\":\"BreadcrumbList\",\"@id\":\"https:\/\/coocky.pl\/index.php\/produkt\/szelki-dla-psa-bezuciskowe-gwiazdki\/#breadcrumb\",\"itemListElement\":[{\"@type\":\"ListItem\",\"position\":1,\"name\":\"Strona g\u0142\u00f3wna\",\"item\":\"https:\/\/coocky.pl\/\"},{\"@type\":\"ListItem\",\"position\":2,\"name\":\"Sklep\",\"item\":\"https:\/\/coocky.pl\/index.php\/kategorie\/\"},{\"@type\":\"ListItem\",\"position\":3,\"name\":\"Szelki bawe\u0142niane bezuciskowe dla psa &#8211; GWIAZDKI\"}]},{\"@type\":\"WebSite\",\"@id\":\"https:\/\/coocky.pl\/#website\",\"url\":\"https:\/\/coocky.pl\/\",\"name\":\"\",\"description\":\"Sklep z ubrankami dla ps\u00f3w\",\"potentialAction\":[{\"@type\":\"SearchAction\",\"target\":{\"@type\":\"EntryPoint\",\"urlTemplate\":\"https:\/\/coocky.pl\/?s={search_term_string}\"},\"query-input\":\"required name=search_term_string\"}],\"inLanguage\":\"pl-PL\"}]}<\/script>\n<!-- \/ Yoast SEO plugin. -->","yoast_head_json":{"title":"Bezuciskowe Szelki dla Psa i Kota w Gwiazdki - Szelki dla Ps\u00f3w.","description":"Bezuciskowe szelki dla ps\u00f3w w efektowny wz\u00f3r, to doskona\u0142y wyb\u00f3r dla czworonog\u00f3w ka\u017cdej rasy. Szelki bezuciskowe \u015bwietnie sprawdz\u0105 si\u0119 tak\u017ce u kot\u00f3w!","robots":{"index":"index","follow":"follow","max-snippet":"max-snippet:-1","max-image-preview":"max-image-preview:large","max-video-preview":"max-video-preview:-1"},"canonical":"https:\/\/coocky.pl\/index.php\/produkt\/szelki-dla-psa-bezuciskowe-gwiazdki\/","og_locale":"pl_PL","og_type":"article","og_title":"Bezuciskowe Szelki dla Psa i Kota w Gwiazdki - Szelki dla Ps\u00f3w.","og_description":"Bezuciskowe szelki dla ps\u00f3w w efektowny wz\u00f3r, to doskona\u0142y wyb\u00f3r dla czworonog\u00f3w ka\u017cdej rasy. Szelki bezuciskowe \u015bwietnie sprawdz\u0105 si\u0119 tak\u017ce u kot\u00f3w!","og_url":"https:\/\/coocky.pl\/index.php\/produkt\/szelki-dla-psa-bezuciskowe-gwiazdki\/","article_publisher":"https:\/\/www.facebook.com\/ubranka.coocky","article_modified_time":"2024-09-09T12:11:10+00:00","og_image":[{"width":2560,"height":1619,"url":"https:\/\/coocky.pl\/wp-content\/uploads\/2021\/05\/szelki3-scaled.jpg","type":"image\/jpeg"}],"twitter_card":"summary_large_image","twitter_misc":{"Szacowany czas czytania":"2 minuty"},"schema":{"@context":"https:\/\/schema.org","@graph":[{"@type":"WebPage","@id":"https:\/\/coocky.pl\/index.php\/produkt\/szelki-dla-psa-bezuciskowe-gwiazdki\/","url":"https:\/\/coocky.pl\/index.php\/produkt\/szelki-dla-psa-bezuciskowe-gwiazdki\/","name":"Bezuciskowe Szelki dla Psa i Kota w Gwiazdki - Szelki dla Ps\u00f3w.","isPartOf":{"@id":"https:\/\/coocky.pl\/#website"},"primaryImageOfPage":{"@id":"https:\/\/coocky.pl\/index.php\/produkt\/szelki-dla-psa-bezuciskowe-gwiazdki\/#primaryimage"},"image":{"@id":"https:\/\/coocky.pl\/index.php\/produkt\/szelki-dla-psa-bezuciskowe-gwiazdki\/#primaryimage"},"thumbnailUrl":"https:\/\/coocky.pl\/wp-content\/uploads\/2021\/05\/szelki3-scaled.jpg","datePublished":"2021-05-25T14:04:20+00:00","dateModified":"2024-09-09T12:11:10+00:00","description":"Bezuciskowe szelki dla ps\u00f3w w efektowny wz\u00f3r, to doskona\u0142y wyb\u00f3r dla czworonog\u00f3w ka\u017cdej rasy. Szelki bezuciskowe \u015bwietnie sprawdz\u0105 si\u0119 tak\u017ce u kot\u00f3w!","breadcrumb":{"@id":"https:\/\/coocky.pl\/index.php\/produkt\/szelki-dla-psa-bezuciskowe-gwiazdki\/#breadcrumb"},"inLanguage":"pl-PL","potentialAction":[{"@type":"ReadAction","target":["https:\/\/coocky.pl\/index.php\/produkt\/szelki-dla-psa-bezuciskowe-gwiazdki\/"]}]},{"@type":"ImageObject","inLanguage":"pl-PL","@id":"https:\/\/coocky.pl\/index.php\/produkt\/szelki-dla-psa-bezuciskowe-gwiazdki\/#primaryimage","url":"https:\/\/coocky.pl\/wp-content\/uploads\/2021\/05\/szelki3-scaled.jpg","contentUrl":"https:\/\/coocky.pl\/wp-content\/uploads\/2021\/05\/szelki3-scaled.jpg","width":2560,"height":1619},{"@type":"BreadcrumbList","@id":"https:\/\/coocky.pl\/index.php\/produkt\/szelki-dla-psa-bezuciskowe-gwiazdki\/#breadcrumb","itemListElement":[{"@type":"ListItem","position":1,"name":"Strona g\u0142\u00f3wna","item":"https:\/\/coocky.pl\/"},{"@type":"ListItem","position":2,"name":"Sklep","item":"https:\/\/coocky.pl\/index.php\/kategorie\/"},{"@type":"ListItem","position":3,"name":"Szelki bawe\u0142niane bezuciskowe dla psa &#8211; GWIAZDKI"}]},{"@type":"WebSite","@id":"https:\/\/coocky.pl\/#website","url":"https:\/\/coocky.pl\/","name":"","description":"Sklep z ubrankami dla ps\u00f3w","potentialAction":[{"@type":"SearchAction","target":{"@type":"EntryPoint","urlTemplate":"https:\/\/coocky.pl\/?s={search_term_string}"},"query-input":"required name=search_term_string"}],"inLanguage":"pl-PL"}]}},"_links":{"self":[{"href":"https:\/\/coocky.pl\/index.php\/wp-json\/wp\/v2\/product\/3565"}],"collection":[{"href":"https:\/\/coocky.pl\/index.php\/wp-json\/wp\/v2\/product"}],"about":[{"href":"https:\/\/coocky.pl\/index.php\/wp-json\/wp\/v2\/types\/product"}],"version-history":[{"count":1,"href":"https:\/\/coocky.pl\/index.php\/wp-json\/wp\/v2\/product\/3565\/revisions"}],"predecessor-version":[{"id":5417,"href":"https:\/\/coocky.pl\/index.php\/wp-json\/wp\/v2\/product\/3565\/revisions\/5417"}],"wp:featuredmedia":[{"embeddable":true,"href":"https:\/\/coocky.pl\/index.php\/wp-json\/wp\/v2\/media\/5514"}],"wp:attachment":[{"href":"https:\/\/coocky.pl\/index.php\/wp-json\/wp\/v2\/media?parent=3565"}],"wp:term":[{"taxonomy":"product_cat","embeddable":true,"href":"https:\/\/coocky.pl\/index.php\/wp-json\/wp\/v2\/product_cat?post=3565"},{"taxonomy":"product_tag","embeddable":true,"href":"https:\/\/coocky.pl\/index.php\/wp-json\/wp\/v2\/product_tag?post=3565"}],"curies":[{"name":"wp","href":"https:\/\/api.w.org\/{rel}","templated":true}]}}