{"id":3385,"date":"2020-11-30T18:43:23","date_gmt":"2020-11-30T18:43:23","guid":{"rendered":"https:\/\/coocky.pl\/?post_type=product&#038;p=3385"},"modified":"2024-08-01T21:29:20","modified_gmt":"2024-08-01T19:29:20","slug":"bluza-dresowa-renifer-dla-psa-bsw003","status":"publish","type":"product","link":"https:\/\/coocky.pl\/index.php\/produkt\/bluza-dresowa-renifer-dla-psa-bsw003\/","title":{"rendered":"Bluza polarowa RENIFER dla psa BSW003"},"content":{"rendered":"<h3>BLUZA POLAROWA RENIFER<\/h3>\n<p>&nbsp;<\/p>\n<p>Niezwykle stylowa, wykonana z polaru \u015bwi\u0105teczna bluza dla psa od Coocky.<\/p>\n<p>Mieszanka stylu, ciep\u0142a i praktyczno\u015bci.<\/p>\n<p>Bardzo przyjemna i mi\u0119kka, nie kr\u0119puje ruch\u00f3w pupila.<\/p>\n<p>Bluza zapinana jest na napy.<\/p>\n<p>&nbsp;<\/p>\n<p><strong>To starannie wykonane bluzy, szyte z bardzo dobrego gatunku polaru, od polskich producent\u00f3w.<\/strong><\/p>\n<p>&nbsp;<\/p>\n<p>Na \u017cyczenie Klienta wykonujemy zaczep na smycz (polecany dla piesk\u00f3w, kt\u00f3re nie ci\u0105gn\u0105 na smyczy) lub dziurk\u0119 na po\u0142\u0105czenie smyczy z szelkami GRATIS &#8211; wystarczy wybra\u0107 opcj\u0119 w &#8222;Dodatkach&#8221;.<\/p>\n<p><strong>Rozmiary (+\/- 1 cm)<\/strong><\/p>\n<p>Podane wymiary dotycz\u0105 psa, nie produktu!<\/p>\n<table width=\"604\">\n<tbody>\n<tr>\n<td width=\"151\"><strong>Rozmiar<\/strong><\/td>\n<td width=\"151\"><strong>D\u0142ugo\u015b\u0107 grzbietu (\u201e1\u201d)<\/strong><\/td>\n<td width=\"151\"><strong>Obw\u00f3d szyi (\u201e2\u201d)<\/strong><\/td>\n<td width=\"151\"><strong>Obw\u00f3d klatki piersiowej (\u201e3\u201d)<\/strong><\/td>\n<\/tr>\n<tr>\n<td width=\"151\">XS<\/td>\n<td width=\"151\">25 cm<\/td>\n<td width=\"151\">22-23 cm<\/td>\n<td width=\"151\">30-31 cm<\/td>\n<\/tr>\n<tr>\n<td width=\"151\">S<\/td>\n<td width=\"151\">29 cm<\/td>\n<td width=\"151\">24-25 cm<\/td>\n<td width=\"151\">32-33 cm<\/td>\n<\/tr>\n<tr>\n<td width=\"151\">M<\/td>\n<td width=\"151\">32 cm<\/td>\n<td width=\"151\">26-27 cm<\/td>\n<td width=\"151\">35-36 cm<\/td>\n<\/tr>\n<tr>\n<td width=\"151\">L<\/td>\n<td width=\"151\">35 cm<\/td>\n<td width=\"151\">28-29 cm<\/td>\n<td width=\"151\">38-39 cm<\/td>\n<\/tr>\n<tr>\n<td width=\"151\">XL<\/td>\n<td width=\"151\">39 cm<\/td>\n<td width=\"151\">30-31 cm<\/td>\n<td width=\"151\">42-43 cm<\/td>\n<\/tr>\n<tr>\n<td width=\"151\">XXL<\/td>\n<td width=\"151\">43 cm<\/td>\n<td width=\"151\">33-34 cm<\/td>\n<td width=\"151\">45-47 cm<\/td>\n<\/tr>\n<tr>\n<td width=\"151\">XXXL<\/td>\n<td width=\"151\">45 cm<\/td>\n<td width=\"151\">34-35 cm<\/td>\n<td width=\"151\">47-48 cm<\/td>\n<\/tr>\n<\/tbody>\n<\/table>\n<p>Pami\u0119taj, by dok\u0142adnie dobra\u0107 rozmiar dla swojego pupila, gdy\u017c zgodnie z regulaminem, zwrot produkt\u00f3w, do kt\u00f3rych dobierasz opcje dodatkowe lub wybierasz rodzaj podszycia, jest ograniczony.<\/p>\n<p>Je\u017celi masz problem z doborem w\u0142a\u015bciwego rozmiaru napisz do nas \u2013 ch\u0119tnie pomo\u017cemy\u00a0<img decoding=\"async\" class=\"emoji\" role=\"img\" draggable=\"false\" src=\"https:\/\/s.w.org\/images\/core\/emoji\/13.0.1\/svg\/1f609.svg\" alt=\"\ud83d\ude09\" \/><\/p>\n<p>Oferujemy r\u00f3wnie\u017c\u00a0<strong>SZYCIE NA MIAR\u0118<\/strong>\u00a0\u2013 je\u015bli wymiary Twojego pupila nie pasuj\u0105 do \u017cadnego rozmiaru, skontaktuj si\u0119 z nami przez formularz\u00a0<img decoding=\"async\" class=\"emoji\" role=\"img\" draggable=\"false\" src=\"https:\/\/s.w.org\/images\/core\/emoji\/13.0.1\/svg\/1f609.svg\" alt=\"\ud83d\ude09\" \/><\/p>\n<div class=\"_1bo4a _xu6h2 _1ylmp _2d49e_YrWCD\">\n<div class=\"_1voj4 _z9prt _1xzdi _ai5yc _5d6n2 _15lj1\">\n<div class=\"_2d49e_5pK0q\">\n<p><strong>Jak nale\u017cy mierzy\u0107 pieska:<\/strong><\/p>\n<ul>\n<li><strong>wymiar A:\u00a0d\u0142ugo\u015b\u0107 od nasady szyi do nasady ogona,<\/strong><\/li>\n<\/ul>\n<ul>\n<li><strong>wymiar B:\u00a0obw\u00f3d szyi u nasady,<\/strong><\/li>\n<\/ul>\n<ul>\n<li><strong>wymiar C: obw\u00f3d klatki piersiowej w jej najszerszym miejscu.<\/strong><\/li>\n<\/ul>\n<p><strong>Wa\u017cne:<\/strong><\/p>\n<p><strong>Pieska mierzymy bez dodania luzu<\/strong>!<\/p>\n<p>Bardzo wa\u017cne jest, aby piesek zosta\u0142 zmierzony prawid\u0142owo wed\u0142ug instrukcji (grafika z instrukcj\u0105 mierzenia znajduje si\u0119 w galerii, u g\u00f3ry strony).<\/p>\n<\/div>\n<\/div>\n<\/div>\n<div class=\"_1bo4a _xu6h2 _1ylmp _2d49e_YrWCD\">\n<div class=\"_1voj4 _z9prt _1xzdi _ai5yc _5d6n2 _15lj1\">\n<div class=\"_2d49e_5pK0q\"><\/div>\n<\/div>\n<\/div>\n<p>Wy\u015bwietlane na Twoim monitorze\u00a0kolory\u00a0mog\u0105 nieco r\u00f3\u017cni\u0107 si\u0119 od rzeczywistych.<br \/>\nInformujemy, \u017ce wszystkie zdj\u0119cia przedstawione na aukcji s\u0105 w\u0142asno\u015bci\u0105 firmy COOCKY, a ich kopiowanie jest zabronione!<\/p>\n","protected":false},"excerpt":{"rendered":"<p>BLUZA POLAROWA RENIFER &nbsp; Niezwykle stylowa, wykonana z polaru \u015bwi\u0105teczna bluza dla psa od Coocky. Mieszanka stylu, ciep\u0142a i praktyczno\u015bci. Bardzo przyjemna i mi\u0119kka, nie kr\u0119puje ruch\u00f3w pupila. Bluza zapinana jest na napy. &nbsp; To starannie wykonane bluzy, szyte z bardzo dobrego gatunku polaru, od polskich producent\u00f3w. &nbsp; Na \u017cyczenie Klienta wykonujemy zaczep na smycz [&hellip;]<\/p>\n","protected":false},"featured_media":3376,"template":"","meta":{"_acf_changed":false,"site-sidebar-layout":"default","site-content-layout":"default","ast-site-content-layout":"default","site-content-style":"default","site-sidebar-style":"default","ast-global-header-display":"","ast-banner-title-visibility":"","ast-main-header-display":"","ast-hfb-above-header-display":"","ast-hfb-below-header-display":"","ast-hfb-mobile-header-display":"","site-post-title":"","ast-breadcrumbs-content":"","ast-featured-img":"","footer-sml-layout":"","theme-transparent-header-meta":"default","adv-header-id-meta":"","stick-header-meta":"","header-above-stick-meta":"","header-main-stick-meta":"","header-below-stick-meta":"","astra-migrate-meta-layouts":"set","ast-page-background-enabled":"default","ast-page-background-meta":{"desktop":{"background-color":"var(--ast-global-color-4)","background-image":"","background-repeat":"repeat","background-position":"center center","background-size":"auto","background-attachment":"scroll","background-type":"","background-media":"","overlay-type":"","overlay-color":"","overlay-gradient":""},"tablet":{"background-color":"","background-image":"","background-repeat":"repeat","background-position":"center center","background-size":"auto","background-attachment":"scroll","background-type":"","background-media":"","overlay-type":"","overlay-color":"","overlay-gradient":""},"mobile":{"background-color":"","background-image":"","background-repeat":"repeat","background-position":"center center","background-size":"auto","background-attachment":"scroll","background-type":"","background-media":"","overlay-type":"","overlay-color":"","overlay-gradient":""}},"ast-content-background-meta":{"desktop":{"background-color":"var(--ast-global-color-5)","background-image":"","background-repeat":"repeat","background-position":"center center","background-size":"auto","background-attachment":"scroll","background-type":"","background-media":"","overlay-type":"","overlay-color":"","overlay-gradient":""},"tablet":{"background-color":"var(--ast-global-color-5)","background-image":"","background-repeat":"repeat","background-position":"center center","background-size":"auto","background-attachment":"scroll","background-type":"","background-media":"","overlay-type":"","overlay-color":"","overlay-gradient":""},"mobile":{"background-color":"var(--ast-global-color-5)","background-image":"","background-repeat":"repeat","background-position":"center center","background-size":"auto","background-attachment":"scroll","background-type":"","background-media":"","overlay-type":"","overlay-color":"","overlay-gradient":""}}},"product_cat":[203],"product_tag":[200,205,173,206,204],"acf":[],"yoast_head":"<!-- This site is optimized with the Yoast SEO plugin v22.5 - https:\/\/yoast.com\/wordpress\/plugins\/seo\/ -->\n<title>Bluza Dresowa Renifer dla Psa - Ubranka \u015awi\u0105teczne dla Psa.<\/title>\n<meta name=\"description\" content=\"Niezwykle stylowa, \u015bwi\u0105teczna bluza dla psa od Coocky. Bardzo przyjemna i mi\u0119kka, nie kr\u0119puje ruch\u00f3w pupila. To \u015bwietne przebranie renifera dla Twojego psa!\" \/>\n<meta name=\"robots\" content=\"index, follow, max-snippet:-1, max-image-preview:large, max-video-preview:-1\" \/>\n<link rel=\"canonical\" href=\"https:\/\/coocky.pl\/index.php\/produkt\/bluza-dresowa-renifer-dla-psa-bsw003\/\" \/>\n<meta property=\"og:locale\" content=\"pl_PL\" \/>\n<meta property=\"og:type\" content=\"article\" \/>\n<meta property=\"og:title\" content=\"Bluza Dresowa Renifer dla Psa - Ubranka \u015awi\u0105teczne dla Psa.\" \/>\n<meta property=\"og:description\" content=\"Niezwykle stylowa, \u015bwi\u0105teczna bluza dla psa od Coocky. Bardzo przyjemna i mi\u0119kka, nie kr\u0119puje ruch\u00f3w pupila. To \u015bwietne przebranie renifera dla Twojego psa!\" \/>\n<meta property=\"og:url\" content=\"https:\/\/coocky.pl\/index.php\/produkt\/bluza-dresowa-renifer-dla-psa-bsw003\/\" \/>\n<meta property=\"article:publisher\" content=\"https:\/\/www.facebook.com\/ubranka.coocky\" \/>\n<meta property=\"article:modified_time\" content=\"2024-08-01T19:29:20+00:00\" \/>\n<meta property=\"og:image\" content=\"https:\/\/coocky.pl\/wp-content\/uploads\/2020\/11\/bsw003B-1.jpg\" \/>\n\t<meta property=\"og:image:width\" content=\"1200\" \/>\n\t<meta property=\"og:image:height\" content=\"1200\" \/>\n\t<meta property=\"og:image:type\" content=\"image\/jpeg\" \/>\n<meta name=\"twitter:card\" content=\"summary_large_image\" \/>\n<meta name=\"twitter:label1\" content=\"Szacowany czas czytania\" \/>\n\t<meta name=\"twitter:data1\" content=\"3 minuty\" \/>\n<script type=\"application\/ld+json\" class=\"yoast-schema-graph\">{\"@context\":\"https:\/\/schema.org\",\"@graph\":[{\"@type\":\"WebPage\",\"@id\":\"https:\/\/coocky.pl\/index.php\/produkt\/bluza-dresowa-renifer-dla-psa-bsw003\/\",\"url\":\"https:\/\/coocky.pl\/index.php\/produkt\/bluza-dresowa-renifer-dla-psa-bsw003\/\",\"name\":\"Bluza Dresowa Renifer dla Psa - Ubranka \u015awi\u0105teczne dla Psa.\",\"isPartOf\":{\"@id\":\"https:\/\/coocky.pl\/#website\"},\"primaryImageOfPage\":{\"@id\":\"https:\/\/coocky.pl\/index.php\/produkt\/bluza-dresowa-renifer-dla-psa-bsw003\/#primaryimage\"},\"image\":{\"@id\":\"https:\/\/coocky.pl\/index.php\/produkt\/bluza-dresowa-renifer-dla-psa-bsw003\/#primaryimage\"},\"thumbnailUrl\":\"https:\/\/coocky.pl\/wp-content\/uploads\/2020\/11\/bsw003B-1.jpg\",\"datePublished\":\"2020-11-30T18:43:23+00:00\",\"dateModified\":\"2024-08-01T19:29:20+00:00\",\"description\":\"Niezwykle stylowa, \u015bwi\u0105teczna bluza dla psa od Coocky. Bardzo przyjemna i mi\u0119kka, nie kr\u0119puje ruch\u00f3w pupila. To \u015bwietne przebranie renifera dla Twojego psa!\",\"breadcrumb\":{\"@id\":\"https:\/\/coocky.pl\/index.php\/produkt\/bluza-dresowa-renifer-dla-psa-bsw003\/#breadcrumb\"},\"inLanguage\":\"pl-PL\",\"potentialAction\":[{\"@type\":\"ReadAction\",\"target\":[\"https:\/\/coocky.pl\/index.php\/produkt\/bluza-dresowa-renifer-dla-psa-bsw003\/\"]}]},{\"@type\":\"ImageObject\",\"inLanguage\":\"pl-PL\",\"@id\":\"https:\/\/coocky.pl\/index.php\/produkt\/bluza-dresowa-renifer-dla-psa-bsw003\/#primaryimage\",\"url\":\"https:\/\/coocky.pl\/wp-content\/uploads\/2020\/11\/bsw003B-1.jpg\",\"contentUrl\":\"https:\/\/coocky.pl\/wp-content\/uploads\/2020\/11\/bsw003B-1.jpg\",\"width\":1200,\"height\":1200},{\"@type\":\"BreadcrumbList\",\"@id\":\"https:\/\/coocky.pl\/index.php\/produkt\/bluza-dresowa-renifer-dla-psa-bsw003\/#breadcrumb\",\"itemListElement\":[{\"@type\":\"ListItem\",\"position\":1,\"name\":\"Strona g\u0142\u00f3wna\",\"item\":\"https:\/\/coocky.pl\/\"},{\"@type\":\"ListItem\",\"position\":2,\"name\":\"Sklep\",\"item\":\"https:\/\/coocky.pl\/index.php\/kategorie\/\"},{\"@type\":\"ListItem\",\"position\":3,\"name\":\"Bluza polarowa RENIFER dla psa BSW003\"}]},{\"@type\":\"WebSite\",\"@id\":\"https:\/\/coocky.pl\/#website\",\"url\":\"https:\/\/coocky.pl\/\",\"name\":\"\",\"description\":\"Sklep z ubrankami dla ps\u00f3w\",\"potentialAction\":[{\"@type\":\"SearchAction\",\"target\":{\"@type\":\"EntryPoint\",\"urlTemplate\":\"https:\/\/coocky.pl\/?s={search_term_string}\"},\"query-input\":\"required name=search_term_string\"}],\"inLanguage\":\"pl-PL\"}]}<\/script>\n<!-- \/ Yoast SEO plugin. -->","yoast_head_json":{"title":"Bluza Dresowa Renifer dla Psa - Ubranka \u015awi\u0105teczne dla Psa.","description":"Niezwykle stylowa, \u015bwi\u0105teczna bluza dla psa od Coocky. Bardzo przyjemna i mi\u0119kka, nie kr\u0119puje ruch\u00f3w pupila. To \u015bwietne przebranie renifera dla Twojego psa!","robots":{"index":"index","follow":"follow","max-snippet":"max-snippet:-1","max-image-preview":"max-image-preview:large","max-video-preview":"max-video-preview:-1"},"canonical":"https:\/\/coocky.pl\/index.php\/produkt\/bluza-dresowa-renifer-dla-psa-bsw003\/","og_locale":"pl_PL","og_type":"article","og_title":"Bluza Dresowa Renifer dla Psa - Ubranka \u015awi\u0105teczne dla Psa.","og_description":"Niezwykle stylowa, \u015bwi\u0105teczna bluza dla psa od Coocky. Bardzo przyjemna i mi\u0119kka, nie kr\u0119puje ruch\u00f3w pupila. To \u015bwietne przebranie renifera dla Twojego psa!","og_url":"https:\/\/coocky.pl\/index.php\/produkt\/bluza-dresowa-renifer-dla-psa-bsw003\/","article_publisher":"https:\/\/www.facebook.com\/ubranka.coocky","article_modified_time":"2024-08-01T19:29:20+00:00","og_image":[{"width":1200,"height":1200,"url":"https:\/\/coocky.pl\/wp-content\/uploads\/2020\/11\/bsw003B-1.jpg","type":"image\/jpeg"}],"twitter_card":"summary_large_image","twitter_misc":{"Szacowany czas czytania":"3 minuty"},"schema":{"@context":"https:\/\/schema.org","@graph":[{"@type":"WebPage","@id":"https:\/\/coocky.pl\/index.php\/produkt\/bluza-dresowa-renifer-dla-psa-bsw003\/","url":"https:\/\/coocky.pl\/index.php\/produkt\/bluza-dresowa-renifer-dla-psa-bsw003\/","name":"Bluza Dresowa Renifer dla Psa - Ubranka \u015awi\u0105teczne dla Psa.","isPartOf":{"@id":"https:\/\/coocky.pl\/#website"},"primaryImageOfPage":{"@id":"https:\/\/coocky.pl\/index.php\/produkt\/bluza-dresowa-renifer-dla-psa-bsw003\/#primaryimage"},"image":{"@id":"https:\/\/coocky.pl\/index.php\/produkt\/bluza-dresowa-renifer-dla-psa-bsw003\/#primaryimage"},"thumbnailUrl":"https:\/\/coocky.pl\/wp-content\/uploads\/2020\/11\/bsw003B-1.jpg","datePublished":"2020-11-30T18:43:23+00:00","dateModified":"2024-08-01T19:29:20+00:00","description":"Niezwykle stylowa, \u015bwi\u0105teczna bluza dla psa od Coocky. Bardzo przyjemna i mi\u0119kka, nie kr\u0119puje ruch\u00f3w pupila. To \u015bwietne przebranie renifera dla Twojego psa!","breadcrumb":{"@id":"https:\/\/coocky.pl\/index.php\/produkt\/bluza-dresowa-renifer-dla-psa-bsw003\/#breadcrumb"},"inLanguage":"pl-PL","potentialAction":[{"@type":"ReadAction","target":["https:\/\/coocky.pl\/index.php\/produkt\/bluza-dresowa-renifer-dla-psa-bsw003\/"]}]},{"@type":"ImageObject","inLanguage":"pl-PL","@id":"https:\/\/coocky.pl\/index.php\/produkt\/bluza-dresowa-renifer-dla-psa-bsw003\/#primaryimage","url":"https:\/\/coocky.pl\/wp-content\/uploads\/2020\/11\/bsw003B-1.jpg","contentUrl":"https:\/\/coocky.pl\/wp-content\/uploads\/2020\/11\/bsw003B-1.jpg","width":1200,"height":1200},{"@type":"BreadcrumbList","@id":"https:\/\/coocky.pl\/index.php\/produkt\/bluza-dresowa-renifer-dla-psa-bsw003\/#breadcrumb","itemListElement":[{"@type":"ListItem","position":1,"name":"Strona g\u0142\u00f3wna","item":"https:\/\/coocky.pl\/"},{"@type":"ListItem","position":2,"name":"Sklep","item":"https:\/\/coocky.pl\/index.php\/kategorie\/"},{"@type":"ListItem","position":3,"name":"Bluza polarowa RENIFER dla psa BSW003"}]},{"@type":"WebSite","@id":"https:\/\/coocky.pl\/#website","url":"https:\/\/coocky.pl\/","name":"","description":"Sklep z ubrankami dla ps\u00f3w","potentialAction":[{"@type":"SearchAction","target":{"@type":"EntryPoint","urlTemplate":"https:\/\/coocky.pl\/?s={search_term_string}"},"query-input":"required name=search_term_string"}],"inLanguage":"pl-PL"}]}},"_links":{"self":[{"href":"https:\/\/coocky.pl\/index.php\/wp-json\/wp\/v2\/product\/3385"}],"collection":[{"href":"https:\/\/coocky.pl\/index.php\/wp-json\/wp\/v2\/product"}],"about":[{"href":"https:\/\/coocky.pl\/index.php\/wp-json\/wp\/v2\/types\/product"}],"version-history":[{"count":1,"href":"https:\/\/coocky.pl\/index.php\/wp-json\/wp\/v2\/product\/3385\/revisions"}],"predecessor-version":[{"id":5319,"href":"https:\/\/coocky.pl\/index.php\/wp-json\/wp\/v2\/product\/3385\/revisions\/5319"}],"wp:featuredmedia":[{"embeddable":true,"href":"https:\/\/coocky.pl\/index.php\/wp-json\/wp\/v2\/media\/3376"}],"wp:attachment":[{"href":"https:\/\/coocky.pl\/index.php\/wp-json\/wp\/v2\/media?parent=3385"}],"wp:term":[{"taxonomy":"product_cat","embeddable":true,"href":"https:\/\/coocky.pl\/index.php\/wp-json\/wp\/v2\/product_cat?post=3385"},{"taxonomy":"product_tag","embeddable":true,"href":"https:\/\/coocky.pl\/index.php\/wp-json\/wp\/v2\/product_tag?post=3385"}],"curies":[{"name":"wp","href":"https:\/\/api.w.org\/{rel}","templated":true}]}}