{"id":3173,"date":"2020-11-29T15:49:50","date_gmt":"2020-11-29T15:49:50","guid":{"rendered":"https:\/\/coocky.pl\/?post_type=product&#038;p=3173"},"modified":"2024-09-09T14:18:31","modified_gmt":"2024-09-09T12:18:31","slug":"szelki-bezuciskowe-dla-psa-i-kota-sbm027","status":"publish","type":"product","link":"https:\/\/coocky.pl\/index.php\/produkt\/szelki-bezuciskowe-dla-psa-i-kota-sbm027\/","title":{"rendered":"Szelki bezuciskowe dla psa i kota &#8211; SBM027"},"content":{"rendered":"<h3>Szelki bezuciskowe firmy COOCKY dla psa i kota<\/h3>\n<p style=\"margin: 0cm; line-height: 150%;\">Materia\u0142 wierzchni: ortalion<\/p>\n<p style=\"margin: 0cm; line-height: 150%;\">Podszycie: polar<\/p>\n<p style=\"margin: 0cm; line-height: 150%;\">Szelki zapewniaj\u0105 komfort w noszeniu.<\/p>\n<p style=\"margin: 0cm; line-height: 150%;\">Ca\u0142kowicie odci\u0105\u017caj\u0105 kr\u0119gos\u0142up i nie uciskaj\u0105 krtani pupila.<\/p>\n<p style=\"margin: 0cm; line-height: 150%;\">POLECANE PRZEZ LEKARZY WETERYNARII.<\/p>\n<p style=\"margin: 0cm; line-height: 150%;\">Idealne dla wszystkich piesk\u00f3w, a w szczeg\u00f3lno\u015bci dla tych, kt\u00f3re lubi\u0105 ci\u0105gn\u0105\u0107 na spacerach.<\/p>\n<p style=\"margin: 0cm; line-height: 150%;\">Wykonane z materia\u0142\u00f3w bardzo dobrej jako\u015bci.<\/p>\n<p style=\"margin: 0cm; line-height: 150%;\">Szelki szyte s\u0105 z bawe\u0142ny, dzi\u0119ki czemu s\u0105 lekkie i przewiewne.<\/p>\n<p>&nbsp;<\/p>\n<p style=\"margin: 0cm; line-height: 150%;\"><em><b>SAM MO\u017bESZ ZAPROJEKTOWA\u0106 SZELKI DLA SWOJEGO PUPILA DOKUPUJ\u0104C WYBRANE OPCJE DODATKOWE, NP.:<\/b><\/em><\/p>\n<p style=\"margin: 0cm; line-height: 150%;\">&#8211; haft imienia lub kr\u00f3tki tekst,<\/p>\n<p style=\"margin: 0cm; line-height: 150%;\">&#8211; aplikacje odblaskowe (motylki, serduszka, psie \u0142apki, gwiazdki, k\u00f3\u0142eczka, itp),<\/p>\n<p style=\"margin: 0cm; line-height: 150%;\">&#8211; kokard\u0119 do szelek\/smyczy,<\/p>\n<p style=\"margin: 0cm; line-height: 150%;\">&#8211; smycz ta\u015bmow\u0105,<\/p>\n<p><em>SAM ZDECYDUJ JAKIE APLIKACJE MAJ\u0104 POSIADA\u0106 SZELKI DLA TWOJEGO PUPILA!<\/em><\/p>\n<div class=\"_1bo4a _xu6h2 _1ylmp _2d49e_YrWCD\">\n<div class=\"_1voj4 _z9prt _1xzdi _ai5yc _5d6n2 _15lj1\">\n<div class=\"_2d49e_5pK0q\">\n<table>\n<tbody>\n<tr>\n<td style=\"text-align: center;\" width=\"151\"><strong>Rozmiar<\/strong><\/td>\n<td style=\"text-align: center;\" width=\"151\"><strong>D\u0142ugo\u015b\u0107 grzbietu (\u201e1\u201d)<\/strong><\/td>\n<td style=\"text-align: center;\" width=\"151\"><strong>Obw\u00f3d szyi (\u201e2\u201d)<\/strong><\/td>\n<td width=\"151\">\n<p style=\"text-align: center;\"><strong>Obw\u00f3d klatki piersiowej (\u201e3\u201d)<\/strong><\/p>\n<\/td>\n<\/tr>\n<tr>\n<td width=\"151\">\n<p style=\"text-align: center;\"><strong>XS<\/strong><\/p>\n<\/td>\n<td style=\"text-align: center;\" width=\"151\">19-21 cm<\/td>\n<td style=\"text-align: center;\" width=\"151\">16-17 cm<\/td>\n<td style=\"text-align: center;\" width=\"151\">21-26 cm<\/td>\n<\/tr>\n<tr>\n<td style=\"text-align: center;\" width=\"151\"><strong>S<\/strong><\/td>\n<td style=\"text-align: center;\" width=\"151\">23-25 cm<\/td>\n<td style=\"text-align: center;\" width=\"151\">18-19 cm<\/td>\n<td width=\"151\">\n<p style=\"text-align: center;\">25-33 cm<\/p>\n<\/td>\n<\/tr>\n<tr>\n<td width=\"151\">\n<p style=\"text-align: center;\"><strong>M<\/strong><\/p>\n<\/td>\n<td style=\"text-align: center;\" width=\"151\">27-29 cm<\/td>\n<td style=\"text-align: center;\" width=\"151\">20-22 cm<\/td>\n<td style=\"text-align: center;\" width=\"151\">30-37 cm<\/td>\n<\/tr>\n<tr>\n<td width=\"151\">\n<p style=\"text-align: center;\"><strong>L<\/strong><\/p>\n<\/td>\n<td style=\"text-align: center;\" width=\"151\">31-33 cm<\/td>\n<td style=\"text-align: center;\" width=\"151\">24-25 cm<\/td>\n<td width=\"151\">\n<p style=\"text-align: center;\">35-42 cm<\/p>\n<\/td>\n<\/tr>\n<tr>\n<td width=\"151\">\n<p style=\"text-align: center;\"><strong>XL<\/strong><\/p>\n<\/td>\n<td style=\"text-align: center;\" width=\"151\">35-37 cm<\/td>\n<td style=\"text-align: center;\" width=\"151\">28-29 cm<\/td>\n<td style=\"text-align: center;\" width=\"151\">40-48 cm<\/td>\n<\/tr>\n<tr>\n<td style=\"text-align: center;\" width=\"151\"><strong>XXL<\/strong><\/td>\n<td style=\"text-align: center;\" width=\"151\">39-41 cm<\/td>\n<td style=\"text-align: center;\" width=\"151\">30-31 cm<\/td>\n<td width=\"151\">\n<p style=\"text-align: center;\">45-51 cm<\/p>\n<\/td>\n<\/tr>\n<tr>\n<td style=\"text-align: center;\" width=\"151\"><strong>XXXL<\/strong><\/td>\n<td style=\"text-align: center;\" width=\"151\">43-45 cm<\/td>\n<td style=\"text-align: center;\" width=\"151\">33-35 cm<\/td>\n<td width=\"151\">\n<p style=\"text-align: center;\">50-59 cm<\/p>\n<\/td>\n<\/tr>\n<\/tbody>\n<\/table>\n<\/div>\n<\/div>\n<\/div>\n<div class=\"_1bo4a _xu6h2 _1ylmp _2d49e_YrWCD\">\n<div class=\"_1voj4 _z9prt _1xzdi _ai5yc _5d6n2 _15lj1\">\n<div class=\"_2d49e_5pK0q\">\n<h2><\/h2>\n<blockquote><p>Je\u015bli wymiary Twojego pupila nie pasuj\u0105 do \u017cadnego z powy\u017cej podanych rozmiar\u00f3w, SKONTAKTUJ SI\u0118 Z NAMI &#8211; ISTNIEJE MO\u017bLIWO\u015a\u0106 USZYCIA SZELEK NA MIAR\u0118! Napisz do nas wiadomo\u015b\u0107 w formularzu.<\/p><\/blockquote>\n<\/div>\n<\/div>\n<\/div>\n<blockquote>\n<h5>UWAGA! Na zdj\u0119ciu prezentowany przedmiot posiada opcje dodatkowe &#8211; haft imienia oraz aplikacje odblaskowe, kt\u00f3re nie s\u0105 wliczone w cen\u0119 podstawow\u0105.<\/h5>\n<\/blockquote>\n","protected":false},"excerpt":{"rendered":"<p>Szelki bezuciskowe firmy COOCKY dla psa i kota Materia\u0142 wierzchni: ortalion Podszycie: polar Szelki zapewniaj\u0105 komfort w noszeniu. Ca\u0142kowicie odci\u0105\u017caj\u0105 kr\u0119gos\u0142up i nie uciskaj\u0105 krtani pupila. POLECANE PRZEZ LEKARZY WETERYNARII. Idealne dla wszystkich piesk\u00f3w, a w szczeg\u00f3lno\u015bci dla tych, kt\u00f3re lubi\u0105 ci\u0105gn\u0105\u0107 na spacerach. Wykonane z materia\u0142\u00f3w bardzo dobrej jako\u015bci. Szelki szyte s\u0105 z bawe\u0142ny, [&hellip;]<\/p>\n","protected":false},"featured_media":3096,"template":"","meta":{"_acf_changed":false,"site-sidebar-layout":"default","site-content-layout":"default","ast-site-content-layout":"default","site-content-style":"default","site-sidebar-style":"default","ast-global-header-display":"","ast-banner-title-visibility":"","ast-main-header-display":"","ast-hfb-above-header-display":"","ast-hfb-below-header-display":"","ast-hfb-mobile-header-display":"","site-post-title":"","ast-breadcrumbs-content":"","ast-featured-img":"","footer-sml-layout":"","theme-transparent-header-meta":"default","adv-header-id-meta":"","stick-header-meta":"","header-above-stick-meta":"","header-main-stick-meta":"","header-below-stick-meta":"","astra-migrate-meta-layouts":"set","ast-page-background-enabled":"default","ast-page-background-meta":{"desktop":{"background-color":"var(--ast-global-color-4)","background-image":"","background-repeat":"repeat","background-position":"center center","background-size":"auto","background-attachment":"scroll","background-type":"","background-media":"","overlay-type":"","overlay-color":"","overlay-gradient":""},"tablet":{"background-color":"","background-image":"","background-repeat":"repeat","background-position":"center center","background-size":"auto","background-attachment":"scroll","background-type":"","background-media":"","overlay-type":"","overlay-color":"","overlay-gradient":""},"mobile":{"background-color":"","background-image":"","background-repeat":"repeat","background-position":"center center","background-size":"auto","background-attachment":"scroll","background-type":"","background-media":"","overlay-type":"","overlay-color":"","overlay-gradient":""}},"ast-content-background-meta":{"desktop":{"background-color":"var(--ast-global-color-5)","background-image":"","background-repeat":"repeat","background-position":"center center","background-size":"auto","background-attachment":"scroll","background-type":"","background-media":"","overlay-type":"","overlay-color":"","overlay-gradient":""},"tablet":{"background-color":"var(--ast-global-color-5)","background-image":"","background-repeat":"repeat","background-position":"center center","background-size":"auto","background-attachment":"scroll","background-type":"","background-media":"","overlay-type":"","overlay-color":"","overlay-gradient":""},"mobile":{"background-color":"var(--ast-global-color-5)","background-image":"","background-repeat":"repeat","background-position":"center center","background-size":"auto","background-attachment":"scroll","background-type":"","background-media":"","overlay-type":"","overlay-color":"","overlay-gradient":""}}},"product_cat":[198],"product_tag":[191,173,192,188],"acf":[],"yoast_head":"<!-- This site is optimized with the Yoast SEO plugin v22.5 - https:\/\/yoast.com\/wordpress\/plugins\/seo\/ -->\n<title>Szelki Dla Psa R\u00f3\u017cowe z Haftem Imienia - Polski Producent -<\/title>\n<meta name=\"description\" content=\"Szelki bezuciskowe dla psa lub kota z opcj\u0105 haftu od firmy Coocky. Polecane przez lekarzy weterynarii. Sam zaprojektuj szelki dla swojego pupila!\" \/>\n<meta name=\"robots\" content=\"index, follow, max-snippet:-1, max-image-preview:large, max-video-preview:-1\" \/>\n<link rel=\"canonical\" href=\"https:\/\/coocky.pl\/index.php\/produkt\/szelki-bezuciskowe-dla-psa-i-kota-sbm027\/\" \/>\n<meta property=\"og:locale\" content=\"pl_PL\" \/>\n<meta property=\"og:type\" content=\"article\" \/>\n<meta property=\"og:title\" content=\"Szelki Dla Psa R\u00f3\u017cowe z Haftem Imienia - Polski Producent -\" \/>\n<meta property=\"og:description\" content=\"Szelki bezuciskowe dla psa lub kota z opcj\u0105 haftu od firmy Coocky. Polecane przez lekarzy weterynarii. Sam zaprojektuj szelki dla swojego pupila!\" \/>\n<meta property=\"og:url\" content=\"https:\/\/coocky.pl\/index.php\/produkt\/szelki-bezuciskowe-dla-psa-i-kota-sbm027\/\" \/>\n<meta property=\"article:publisher\" content=\"https:\/\/www.facebook.com\/ubranka.coocky\" \/>\n<meta property=\"article:modified_time\" content=\"2024-09-09T12:18:31+00:00\" \/>\n<meta property=\"og:image\" content=\"https:\/\/coocky.pl\/wp-content\/uploads\/2020\/11\/sbm027.jpg\" \/>\n\t<meta property=\"og:image:width\" content=\"1200\" \/>\n\t<meta property=\"og:image:height\" content=\"1200\" \/>\n\t<meta property=\"og:image:type\" content=\"image\/jpeg\" \/>\n<meta name=\"twitter:card\" content=\"summary_large_image\" \/>\n<meta name=\"twitter:label1\" content=\"Szacowany czas czytania\" \/>\n\t<meta name=\"twitter:data1\" content=\"2 minuty\" \/>\n<script type=\"application\/ld+json\" class=\"yoast-schema-graph\">{\"@context\":\"https:\/\/schema.org\",\"@graph\":[{\"@type\":\"WebPage\",\"@id\":\"https:\/\/coocky.pl\/index.php\/produkt\/szelki-bezuciskowe-dla-psa-i-kota-sbm027\/\",\"url\":\"https:\/\/coocky.pl\/index.php\/produkt\/szelki-bezuciskowe-dla-psa-i-kota-sbm027\/\",\"name\":\"Szelki Dla Psa R\u00f3\u017cowe z Haftem Imienia - Polski Producent -\",\"isPartOf\":{\"@id\":\"https:\/\/coocky.pl\/#website\"},\"primaryImageOfPage\":{\"@id\":\"https:\/\/coocky.pl\/index.php\/produkt\/szelki-bezuciskowe-dla-psa-i-kota-sbm027\/#primaryimage\"},\"image\":{\"@id\":\"https:\/\/coocky.pl\/index.php\/produkt\/szelki-bezuciskowe-dla-psa-i-kota-sbm027\/#primaryimage\"},\"thumbnailUrl\":\"https:\/\/coocky.pl\/wp-content\/uploads\/2020\/11\/sbm027.jpg\",\"datePublished\":\"2020-11-29T15:49:50+00:00\",\"dateModified\":\"2024-09-09T12:18:31+00:00\",\"description\":\"Szelki bezuciskowe dla psa lub kota z opcj\u0105 haftu od firmy Coocky. Polecane przez lekarzy weterynarii. Sam zaprojektuj szelki dla swojego pupila!\",\"breadcrumb\":{\"@id\":\"https:\/\/coocky.pl\/index.php\/produkt\/szelki-bezuciskowe-dla-psa-i-kota-sbm027\/#breadcrumb\"},\"inLanguage\":\"pl-PL\",\"potentialAction\":[{\"@type\":\"ReadAction\",\"target\":[\"https:\/\/coocky.pl\/index.php\/produkt\/szelki-bezuciskowe-dla-psa-i-kota-sbm027\/\"]}]},{\"@type\":\"ImageObject\",\"inLanguage\":\"pl-PL\",\"@id\":\"https:\/\/coocky.pl\/index.php\/produkt\/szelki-bezuciskowe-dla-psa-i-kota-sbm027\/#primaryimage\",\"url\":\"https:\/\/coocky.pl\/wp-content\/uploads\/2020\/11\/sbm027.jpg\",\"contentUrl\":\"https:\/\/coocky.pl\/wp-content\/uploads\/2020\/11\/sbm027.jpg\",\"width\":1200,\"height\":1200},{\"@type\":\"BreadcrumbList\",\"@id\":\"https:\/\/coocky.pl\/index.php\/produkt\/szelki-bezuciskowe-dla-psa-i-kota-sbm027\/#breadcrumb\",\"itemListElement\":[{\"@type\":\"ListItem\",\"position\":1,\"name\":\"Strona g\u0142\u00f3wna\",\"item\":\"https:\/\/coocky.pl\/\"},{\"@type\":\"ListItem\",\"position\":2,\"name\":\"Sklep\",\"item\":\"https:\/\/coocky.pl\/index.php\/kategorie\/\"},{\"@type\":\"ListItem\",\"position\":3,\"name\":\"Szelki bezuciskowe dla psa i kota &#8211; SBM027\"}]},{\"@type\":\"WebSite\",\"@id\":\"https:\/\/coocky.pl\/#website\",\"url\":\"https:\/\/coocky.pl\/\",\"name\":\"\",\"description\":\"Sklep z ubrankami dla ps\u00f3w\",\"potentialAction\":[{\"@type\":\"SearchAction\",\"target\":{\"@type\":\"EntryPoint\",\"urlTemplate\":\"https:\/\/coocky.pl\/?s={search_term_string}\"},\"query-input\":\"required name=search_term_string\"}],\"inLanguage\":\"pl-PL\"}]}<\/script>\n<!-- \/ Yoast SEO plugin. -->","yoast_head_json":{"title":"Szelki Dla Psa R\u00f3\u017cowe z Haftem Imienia - Polski Producent -","description":"Szelki bezuciskowe dla psa lub kota z opcj\u0105 haftu od firmy Coocky. Polecane przez lekarzy weterynarii. Sam zaprojektuj szelki dla swojego pupila!","robots":{"index":"index","follow":"follow","max-snippet":"max-snippet:-1","max-image-preview":"max-image-preview:large","max-video-preview":"max-video-preview:-1"},"canonical":"https:\/\/coocky.pl\/index.php\/produkt\/szelki-bezuciskowe-dla-psa-i-kota-sbm027\/","og_locale":"pl_PL","og_type":"article","og_title":"Szelki Dla Psa R\u00f3\u017cowe z Haftem Imienia - Polski Producent -","og_description":"Szelki bezuciskowe dla psa lub kota z opcj\u0105 haftu od firmy Coocky. Polecane przez lekarzy weterynarii. Sam zaprojektuj szelki dla swojego pupila!","og_url":"https:\/\/coocky.pl\/index.php\/produkt\/szelki-bezuciskowe-dla-psa-i-kota-sbm027\/","article_publisher":"https:\/\/www.facebook.com\/ubranka.coocky","article_modified_time":"2024-09-09T12:18:31+00:00","og_image":[{"width":1200,"height":1200,"url":"https:\/\/coocky.pl\/wp-content\/uploads\/2020\/11\/sbm027.jpg","type":"image\/jpeg"}],"twitter_card":"summary_large_image","twitter_misc":{"Szacowany czas czytania":"2 minuty"},"schema":{"@context":"https:\/\/schema.org","@graph":[{"@type":"WebPage","@id":"https:\/\/coocky.pl\/index.php\/produkt\/szelki-bezuciskowe-dla-psa-i-kota-sbm027\/","url":"https:\/\/coocky.pl\/index.php\/produkt\/szelki-bezuciskowe-dla-psa-i-kota-sbm027\/","name":"Szelki Dla Psa R\u00f3\u017cowe z Haftem Imienia - Polski Producent -","isPartOf":{"@id":"https:\/\/coocky.pl\/#website"},"primaryImageOfPage":{"@id":"https:\/\/coocky.pl\/index.php\/produkt\/szelki-bezuciskowe-dla-psa-i-kota-sbm027\/#primaryimage"},"image":{"@id":"https:\/\/coocky.pl\/index.php\/produkt\/szelki-bezuciskowe-dla-psa-i-kota-sbm027\/#primaryimage"},"thumbnailUrl":"https:\/\/coocky.pl\/wp-content\/uploads\/2020\/11\/sbm027.jpg","datePublished":"2020-11-29T15:49:50+00:00","dateModified":"2024-09-09T12:18:31+00:00","description":"Szelki bezuciskowe dla psa lub kota z opcj\u0105 haftu od firmy Coocky. Polecane przez lekarzy weterynarii. Sam zaprojektuj szelki dla swojego pupila!","breadcrumb":{"@id":"https:\/\/coocky.pl\/index.php\/produkt\/szelki-bezuciskowe-dla-psa-i-kota-sbm027\/#breadcrumb"},"inLanguage":"pl-PL","potentialAction":[{"@type":"ReadAction","target":["https:\/\/coocky.pl\/index.php\/produkt\/szelki-bezuciskowe-dla-psa-i-kota-sbm027\/"]}]},{"@type":"ImageObject","inLanguage":"pl-PL","@id":"https:\/\/coocky.pl\/index.php\/produkt\/szelki-bezuciskowe-dla-psa-i-kota-sbm027\/#primaryimage","url":"https:\/\/coocky.pl\/wp-content\/uploads\/2020\/11\/sbm027.jpg","contentUrl":"https:\/\/coocky.pl\/wp-content\/uploads\/2020\/11\/sbm027.jpg","width":1200,"height":1200},{"@type":"BreadcrumbList","@id":"https:\/\/coocky.pl\/index.php\/produkt\/szelki-bezuciskowe-dla-psa-i-kota-sbm027\/#breadcrumb","itemListElement":[{"@type":"ListItem","position":1,"name":"Strona g\u0142\u00f3wna","item":"https:\/\/coocky.pl\/"},{"@type":"ListItem","position":2,"name":"Sklep","item":"https:\/\/coocky.pl\/index.php\/kategorie\/"},{"@type":"ListItem","position":3,"name":"Szelki bezuciskowe dla psa i kota &#8211; SBM027"}]},{"@type":"WebSite","@id":"https:\/\/coocky.pl\/#website","url":"https:\/\/coocky.pl\/","name":"","description":"Sklep z ubrankami dla ps\u00f3w","potentialAction":[{"@type":"SearchAction","target":{"@type":"EntryPoint","urlTemplate":"https:\/\/coocky.pl\/?s={search_term_string}"},"query-input":"required name=search_term_string"}],"inLanguage":"pl-PL"}]}},"_links":{"self":[{"href":"https:\/\/coocky.pl\/index.php\/wp-json\/wp\/v2\/product\/3173"}],"collection":[{"href":"https:\/\/coocky.pl\/index.php\/wp-json\/wp\/v2\/product"}],"about":[{"href":"https:\/\/coocky.pl\/index.php\/wp-json\/wp\/v2\/types\/product"}],"version-history":[{"count":1,"href":"https:\/\/coocky.pl\/index.php\/wp-json\/wp\/v2\/product\/3173\/revisions"}],"predecessor-version":[{"id":5465,"href":"https:\/\/coocky.pl\/index.php\/wp-json\/wp\/v2\/product\/3173\/revisions\/5465"}],"wp:featuredmedia":[{"embeddable":true,"href":"https:\/\/coocky.pl\/index.php\/wp-json\/wp\/v2\/media\/3096"}],"wp:attachment":[{"href":"https:\/\/coocky.pl\/index.php\/wp-json\/wp\/v2\/media?parent=3173"}],"wp:term":[{"taxonomy":"product_cat","embeddable":true,"href":"https:\/\/coocky.pl\/index.php\/wp-json\/wp\/v2\/product_cat?post=3173"},{"taxonomy":"product_tag","embeddable":true,"href":"https:\/\/coocky.pl\/index.php\/wp-json\/wp\/v2\/product_tag?post=3173"}],"curies":[{"name":"wp","href":"https:\/\/api.w.org\/{rel}","templated":true}]}}