{"id":2455,"date":"2020-08-22T19:06:18","date_gmt":"2020-08-22T19:06:18","guid":{"rendered":"https:\/\/coocky.pl\/?post_type=product&#038;p=2455"},"modified":"2024-06-20T11:01:06","modified_gmt":"2024-06-20T09:01:06","slug":"majtki-dla-psa-czerwony-maczek","status":"publish","type":"product","link":"https:\/\/coocky.pl\/index.php\/produkt\/majtki-dla-psa-czerwony-maczek\/","title":{"rendered":"Majtki na szelkach dla psa Czerwony Maczek"},"content":{"rendered":"<h3>MAJTKI NA SZELKACH DLA SUNI NA CIECZK\u0118<\/h3>\n<ul>\n<li>Majteczki szyte s\u0105 z bardzo wysokiej jako\u015bci bawe\u0142ny z dodatkiem stretchu.<\/li>\n<li>Majtki posiadaj\u0105 regulowane szelki, kt\u00f3re niweluj\u0105 mo\u017cliwo\u015b\u0107 zsuwania si\u0119 majteczek z cia\u0142a suni. Majteczki z szelkami uszyte s\u0105 w taki spos\u00f3b, \u017ceby nie uciska\u0142y i nie obdziera\u0142y oraz nie ogranicza\u0142y ruch\u00f3w suni.<\/li>\n<li>Majteczki mo\u017cna regulowa\u0107 w obwodzie pasa suni za pomoc\u0105 gumki oraz na d\u0142ugo\u015bci za pomoc\u0105 szelek.<\/li>\n<li>Wewn\u0105trz majteczek znajduje si\u0119 kieszonka z siateczki, na kt\u00f3r\u0105 naklejamy wk\u0142adki higieniczne.<\/li>\n<li>Majteczki s\u0105 praktyczne i wygodne, a dodatkowo bardzo \u0142adne.<\/li>\n<li>Majteczki przeznaczone dla wszystkich ras suczek.<\/li>\n<\/ul>\n<p>&nbsp;<\/p>\n<p>PODANE PONI\u017bEJ WYMIARY, TO WYMIARY BEZ ROZCI\u0104GNI\u0118CIA DO MAKSYMALNYCH WYMIAR\u00d3W MAJTECZEK PODANYCH JU\u017b PO ROZCI\u0104GNI\u0118CIU!<\/p>\n<p>np. rozmiar &#8222;S&#8221;: MAJTECZKI BEZ ROZCI\u0104GNI\u0118CIA MAJ\u0104 30 cm, NATOMIAST PO ROZCI\u0104GNI\u0118CIU MAJ\u0104 36 cm.<\/p>\n<p>ZATEM JE\u015aLI TWOJA SUNIA MA W OBWODZIE np. 36 cm, NALE\u017bY ZAM\u00d3WI\u0106 ROZMIAR &#8222;M&#8221;, PONIEWA\u017b WSZYSTKIE MAJTECZKI MO\u017bNA REGULOWA\u0106 W OBWODZIE STOPERKIEM, WI\u0118C LEPIEJ ZAM\u00d3WI\u0106 ROZMIAR WI\u0118KSZY !<\/p>\n<h5>rozmiar\u00a0 \u00a0 \u00a0 \u00a0 obw\u00f3d pasa:\u00a0 \u00a0 \u00a0 \u00a0 \u00a0 d\u0142ugo\u015b\u0107 grzbietu:<\/h5>\n<h5>XXS:\u00a0 \u00a0 \u00a0 \u00a0 \u00a0 \u00a0 \u00a0 20-23 cm\u00a0 \u00a0 \u00a0 \u00a0 \u00a0 \u00a0 \u00a0 \u00a0 \u00a0 \u00a021-23 cm<\/h5>\n<h5>XS:\u00a0 \u00a0 \u00a0 \u00a0 \u00a0 \u00a0 \u00a0 \u00a0 24-29 cm\u00a0 \u00a0 \u00a0 \u00a0 \u00a0 \u00a0 \u00a0 \u00a0 \u00a0 \u00a024-26 cm<\/h5>\n<h5>S:\u00a0 \u00a0 \u00a0 \u00a0 \u00a0 \u00a0 \u00a0 \u00a0 \u00a0 30-36 cm\u00a0 \u00a0 \u00a0 \u00a0 \u00a0 \u00a0 \u00a0 \u00a0 \u00a0 \u00a027-29 cm<\/h5>\n<h5>M:\u00a0 \u00a0 \u00a0 \u00a0 \u00a0 \u00a0 \u00a0 \u00a0 \u00a0 37-42 cm\u00a0 \u00a0 \u00a0 \u00a0 \u00a0 \u00a0 \u00a0 \u00a0 \u00a0 \u00a030-33 cm<\/h5>\n<h5>L:\u00a0 \u00a0 \u00a0 \u00a0 \u00a0 \u00a0 \u00a0 \u00a0 \u00a0 \u00a043-47 cm\u00a0 \u00a0 \u00a0 \u00a0 \u00a0 \u00a0 \u00a0 \u00a0 \u00a0 \u00a034-37 cm<\/h5>\n<h5>XL:\u00a0 \u00a0 \u00a0 \u00a0 \u00a0 \u00a0 \u00a0 \u00a0 48-55 cm\u00a0 \u00a0 \u00a0 \u00a0 \u00a0 \u00a0 \u00a0 \u00a0 \u00a0 \u00a0 39-42 cm<\/h5>\n<h5>XXL:\u00a0 \u00a0 \u00a0 \u00a0 \u00a0 \u00a0 \u00a056-62 cm\u00a0 \u00a0 \u00a0 \u00a0 \u00a0 \u00a0 \u00a0 \u00a0 \u00a0 \u00a043-47 cm<\/h5>\n","protected":false},"excerpt":{"rendered":"<p>Majtki z szelkami w kolorze czerwonym z bia\u0142ymi groszkami.<\/p>\n","protected":false},"featured_media":2365,"template":"","meta":{"_acf_changed":false,"site-sidebar-layout":"default","site-content-layout":"default","ast-site-content-layout":"default","site-content-style":"default","site-sidebar-style":"default","ast-global-header-display":"","ast-banner-title-visibility":"","ast-main-header-display":"","ast-hfb-above-header-display":"","ast-hfb-below-header-display":"","ast-hfb-mobile-header-display":"","site-post-title":"","ast-breadcrumbs-content":"","ast-featured-img":"","footer-sml-layout":"","theme-transparent-header-meta":"default","adv-header-id-meta":"","stick-header-meta":"","header-above-stick-meta":"","header-main-stick-meta":"","header-below-stick-meta":"","astra-migrate-meta-layouts":"set","ast-page-background-enabled":"default","ast-page-background-meta":{"desktop":{"background-color":"var(--ast-global-color-4)","background-image":"","background-repeat":"repeat","background-position":"center center","background-size":"auto","background-attachment":"scroll","background-type":"","background-media":"","overlay-type":"","overlay-color":"","overlay-gradient":""},"tablet":{"background-color":"","background-image":"","background-repeat":"repeat","background-position":"center center","background-size":"auto","background-attachment":"scroll","background-type":"","background-media":"","overlay-type":"","overlay-color":"","overlay-gradient":""},"mobile":{"background-color":"","background-image":"","background-repeat":"repeat","background-position":"center center","background-size":"auto","background-attachment":"scroll","background-type":"","background-media":"","overlay-type":"","overlay-color":"","overlay-gradient":""}},"ast-content-background-meta":{"desktop":{"background-color":"var(--ast-global-color-5)","background-image":"","background-repeat":"repeat","background-position":"center center","background-size":"auto","background-attachment":"scroll","background-type":"","background-media":"","overlay-type":"","overlay-color":"","overlay-gradient":""},"tablet":{"background-color":"var(--ast-global-color-5)","background-image":"","background-repeat":"repeat","background-position":"center center","background-size":"auto","background-attachment":"scroll","background-type":"","background-media":"","overlay-type":"","overlay-color":"","overlay-gradient":""},"mobile":{"background-color":"var(--ast-global-color-5)","background-image":"","background-repeat":"repeat","background-position":"center center","background-size":"auto","background-attachment":"scroll","background-type":"","background-media":"","overlay-type":"","overlay-color":"","overlay-gradient":""}}},"product_cat":[178,158],"product_tag":[173,172,179],"acf":[],"yoast_head":"<!-- This site is optimized with the Yoast SEO plugin v22.5 - https:\/\/yoast.com\/wordpress\/plugins\/seo\/ -->\n<title>Majtki dla Psa z Szelkami Czerwony Maczek - Matki na Cieczk\u0119.<\/title>\n<meta name=\"description\" content=\"Majtki na szelkach dla psa, wykonane z komfortowego materia\u0142u, kt\u00f3ry zapewnia ochron\u0119 i nie podra\u017cnia sk\u00f3ry pupila. Sprawd\u017a ofert\u0119 majtek na cieczk\u0119 dla suni!\" \/>\n<meta name=\"robots\" content=\"index, follow, max-snippet:-1, max-image-preview:large, max-video-preview:-1\" \/>\n<link rel=\"canonical\" href=\"https:\/\/coocky.pl\/index.php\/produkt\/majtki-dla-psa-czerwony-maczek\/\" \/>\n<meta property=\"og:locale\" content=\"pl_PL\" \/>\n<meta property=\"og:type\" content=\"article\" \/>\n<meta property=\"og:title\" content=\"Majtki dla Psa z Szelkami Czerwony Maczek - Matki na Cieczk\u0119.\" \/>\n<meta property=\"og:description\" content=\"Majtki na szelkach dla psa, wykonane z komfortowego materia\u0142u, kt\u00f3ry zapewnia ochron\u0119 i nie podra\u017cnia sk\u00f3ry pupila. Sprawd\u017a ofert\u0119 majtek na cieczk\u0119 dla suni!\" \/>\n<meta property=\"og:url\" content=\"https:\/\/coocky.pl\/index.php\/produkt\/majtki-dla-psa-czerwony-maczek\/\" \/>\n<meta property=\"article:publisher\" content=\"https:\/\/www.facebook.com\/ubranka.coocky\" \/>\n<meta property=\"article:modified_time\" content=\"2024-06-20T09:01:06+00:00\" \/>\n<meta property=\"og:image\" content=\"https:\/\/coocky.pl\/wp-content\/uploads\/2020\/08\/sz.jpg\" \/>\n\t<meta property=\"og:image:width\" content=\"1200\" \/>\n\t<meta property=\"og:image:height\" content=\"1200\" \/>\n\t<meta property=\"og:image:type\" content=\"image\/jpeg\" \/>\n<meta name=\"twitter:card\" content=\"summary_large_image\" \/>\n<meta name=\"twitter:label1\" content=\"Szacowany czas czytania\" \/>\n\t<meta name=\"twitter:data1\" content=\"2 minuty\" \/>\n<script type=\"application\/ld+json\" class=\"yoast-schema-graph\">{\"@context\":\"https:\/\/schema.org\",\"@graph\":[{\"@type\":\"WebPage\",\"@id\":\"https:\/\/coocky.pl\/index.php\/produkt\/majtki-dla-psa-czerwony-maczek\/\",\"url\":\"https:\/\/coocky.pl\/index.php\/produkt\/majtki-dla-psa-czerwony-maczek\/\",\"name\":\"Majtki dla Psa z Szelkami Czerwony Maczek - Matki na Cieczk\u0119.\",\"isPartOf\":{\"@id\":\"https:\/\/coocky.pl\/#website\"},\"primaryImageOfPage\":{\"@id\":\"https:\/\/coocky.pl\/index.php\/produkt\/majtki-dla-psa-czerwony-maczek\/#primaryimage\"},\"image\":{\"@id\":\"https:\/\/coocky.pl\/index.php\/produkt\/majtki-dla-psa-czerwony-maczek\/#primaryimage\"},\"thumbnailUrl\":\"https:\/\/coocky.pl\/wp-content\/uploads\/2020\/08\/sz.jpg\",\"datePublished\":\"2020-08-22T19:06:18+00:00\",\"dateModified\":\"2024-06-20T09:01:06+00:00\",\"description\":\"Majtki na szelkach dla psa, wykonane z komfortowego materia\u0142u, kt\u00f3ry zapewnia ochron\u0119 i nie podra\u017cnia sk\u00f3ry pupila. Sprawd\u017a ofert\u0119 majtek na cieczk\u0119 dla suni!\",\"breadcrumb\":{\"@id\":\"https:\/\/coocky.pl\/index.php\/produkt\/majtki-dla-psa-czerwony-maczek\/#breadcrumb\"},\"inLanguage\":\"pl-PL\",\"potentialAction\":[{\"@type\":\"ReadAction\",\"target\":[\"https:\/\/coocky.pl\/index.php\/produkt\/majtki-dla-psa-czerwony-maczek\/\"]}]},{\"@type\":\"ImageObject\",\"inLanguage\":\"pl-PL\",\"@id\":\"https:\/\/coocky.pl\/index.php\/produkt\/majtki-dla-psa-czerwony-maczek\/#primaryimage\",\"url\":\"https:\/\/coocky.pl\/wp-content\/uploads\/2020\/08\/sz.jpg\",\"contentUrl\":\"https:\/\/coocky.pl\/wp-content\/uploads\/2020\/08\/sz.jpg\",\"width\":1200,\"height\":1200},{\"@type\":\"BreadcrumbList\",\"@id\":\"https:\/\/coocky.pl\/index.php\/produkt\/majtki-dla-psa-czerwony-maczek\/#breadcrumb\",\"itemListElement\":[{\"@type\":\"ListItem\",\"position\":1,\"name\":\"Strona g\u0142\u00f3wna\",\"item\":\"https:\/\/coocky.pl\/\"},{\"@type\":\"ListItem\",\"position\":2,\"name\":\"Sklep\",\"item\":\"https:\/\/coocky.pl\/index.php\/kategorie\/\"},{\"@type\":\"ListItem\",\"position\":3,\"name\":\"Majtki na szelkach dla psa Czerwony Maczek\"}]},{\"@type\":\"WebSite\",\"@id\":\"https:\/\/coocky.pl\/#website\",\"url\":\"https:\/\/coocky.pl\/\",\"name\":\"\",\"description\":\"Sklep z ubrankami dla ps\u00f3w\",\"potentialAction\":[{\"@type\":\"SearchAction\",\"target\":{\"@type\":\"EntryPoint\",\"urlTemplate\":\"https:\/\/coocky.pl\/?s={search_term_string}\"},\"query-input\":\"required name=search_term_string\"}],\"inLanguage\":\"pl-PL\"}]}<\/script>\n<!-- \/ Yoast SEO plugin. -->","yoast_head_json":{"title":"Majtki dla Psa z Szelkami Czerwony Maczek - Matki na Cieczk\u0119.","description":"Majtki na szelkach dla psa, wykonane z komfortowego materia\u0142u, kt\u00f3ry zapewnia ochron\u0119 i nie podra\u017cnia sk\u00f3ry pupila. Sprawd\u017a ofert\u0119 majtek na cieczk\u0119 dla suni!","robots":{"index":"index","follow":"follow","max-snippet":"max-snippet:-1","max-image-preview":"max-image-preview:large","max-video-preview":"max-video-preview:-1"},"canonical":"https:\/\/coocky.pl\/index.php\/produkt\/majtki-dla-psa-czerwony-maczek\/","og_locale":"pl_PL","og_type":"article","og_title":"Majtki dla Psa z Szelkami Czerwony Maczek - Matki na Cieczk\u0119.","og_description":"Majtki na szelkach dla psa, wykonane z komfortowego materia\u0142u, kt\u00f3ry zapewnia ochron\u0119 i nie podra\u017cnia sk\u00f3ry pupila. Sprawd\u017a ofert\u0119 majtek na cieczk\u0119 dla suni!","og_url":"https:\/\/coocky.pl\/index.php\/produkt\/majtki-dla-psa-czerwony-maczek\/","article_publisher":"https:\/\/www.facebook.com\/ubranka.coocky","article_modified_time":"2024-06-20T09:01:06+00:00","og_image":[{"width":1200,"height":1200,"url":"https:\/\/coocky.pl\/wp-content\/uploads\/2020\/08\/sz.jpg","type":"image\/jpeg"}],"twitter_card":"summary_large_image","twitter_misc":{"Szacowany czas czytania":"2 minuty"},"schema":{"@context":"https:\/\/schema.org","@graph":[{"@type":"WebPage","@id":"https:\/\/coocky.pl\/index.php\/produkt\/majtki-dla-psa-czerwony-maczek\/","url":"https:\/\/coocky.pl\/index.php\/produkt\/majtki-dla-psa-czerwony-maczek\/","name":"Majtki dla Psa z Szelkami Czerwony Maczek - Matki na Cieczk\u0119.","isPartOf":{"@id":"https:\/\/coocky.pl\/#website"},"primaryImageOfPage":{"@id":"https:\/\/coocky.pl\/index.php\/produkt\/majtki-dla-psa-czerwony-maczek\/#primaryimage"},"image":{"@id":"https:\/\/coocky.pl\/index.php\/produkt\/majtki-dla-psa-czerwony-maczek\/#primaryimage"},"thumbnailUrl":"https:\/\/coocky.pl\/wp-content\/uploads\/2020\/08\/sz.jpg","datePublished":"2020-08-22T19:06:18+00:00","dateModified":"2024-06-20T09:01:06+00:00","description":"Majtki na szelkach dla psa, wykonane z komfortowego materia\u0142u, kt\u00f3ry zapewnia ochron\u0119 i nie podra\u017cnia sk\u00f3ry pupila. Sprawd\u017a ofert\u0119 majtek na cieczk\u0119 dla suni!","breadcrumb":{"@id":"https:\/\/coocky.pl\/index.php\/produkt\/majtki-dla-psa-czerwony-maczek\/#breadcrumb"},"inLanguage":"pl-PL","potentialAction":[{"@type":"ReadAction","target":["https:\/\/coocky.pl\/index.php\/produkt\/majtki-dla-psa-czerwony-maczek\/"]}]},{"@type":"ImageObject","inLanguage":"pl-PL","@id":"https:\/\/coocky.pl\/index.php\/produkt\/majtki-dla-psa-czerwony-maczek\/#primaryimage","url":"https:\/\/coocky.pl\/wp-content\/uploads\/2020\/08\/sz.jpg","contentUrl":"https:\/\/coocky.pl\/wp-content\/uploads\/2020\/08\/sz.jpg","width":1200,"height":1200},{"@type":"BreadcrumbList","@id":"https:\/\/coocky.pl\/index.php\/produkt\/majtki-dla-psa-czerwony-maczek\/#breadcrumb","itemListElement":[{"@type":"ListItem","position":1,"name":"Strona g\u0142\u00f3wna","item":"https:\/\/coocky.pl\/"},{"@type":"ListItem","position":2,"name":"Sklep","item":"https:\/\/coocky.pl\/index.php\/kategorie\/"},{"@type":"ListItem","position":3,"name":"Majtki na szelkach dla psa Czerwony Maczek"}]},{"@type":"WebSite","@id":"https:\/\/coocky.pl\/#website","url":"https:\/\/coocky.pl\/","name":"","description":"Sklep z ubrankami dla ps\u00f3w","potentialAction":[{"@type":"SearchAction","target":{"@type":"EntryPoint","urlTemplate":"https:\/\/coocky.pl\/?s={search_term_string}"},"query-input":"required name=search_term_string"}],"inLanguage":"pl-PL"}]}},"_links":{"self":[{"href":"https:\/\/coocky.pl\/index.php\/wp-json\/wp\/v2\/product\/2455"}],"collection":[{"href":"https:\/\/coocky.pl\/index.php\/wp-json\/wp\/v2\/product"}],"about":[{"href":"https:\/\/coocky.pl\/index.php\/wp-json\/wp\/v2\/types\/product"}],"version-history":[{"count":1,"href":"https:\/\/coocky.pl\/index.php\/wp-json\/wp\/v2\/product\/2455\/revisions"}],"predecessor-version":[{"id":5360,"href":"https:\/\/coocky.pl\/index.php\/wp-json\/wp\/v2\/product\/2455\/revisions\/5360"}],"wp:featuredmedia":[{"embeddable":true,"href":"https:\/\/coocky.pl\/index.php\/wp-json\/wp\/v2\/media\/2365"}],"wp:attachment":[{"href":"https:\/\/coocky.pl\/index.php\/wp-json\/wp\/v2\/media?parent=2455"}],"wp:term":[{"taxonomy":"product_cat","embeddable":true,"href":"https:\/\/coocky.pl\/index.php\/wp-json\/wp\/v2\/product_cat?post=2455"},{"taxonomy":"product_tag","embeddable":true,"href":"https:\/\/coocky.pl\/index.php\/wp-json\/wp\/v2\/product_tag?post=2455"}],"curies":[{"name":"wp","href":"https:\/\/api.w.org\/{rel}","templated":true}]}}