{"id":3052,"date":"2020-11-25T18:01:48","date_gmt":"2020-11-25T18:01:48","guid":{"rendered":"https:\/\/coocky.pl\/?page_id=3052"},"modified":"2024-05-17T12:49:46","modified_gmt":"2024-05-17T10:49:46","slug":"regulamin","status":"publish","type":"page","link":"https:\/\/coocky.pl\/index.php\/regulamin\/","title":{"rendered":"Regulamin"},"content":{"rendered":"\t\t<div data-elementor-type=\"wp-page\" data-elementor-id=\"3052\" class=\"elementor elementor-3052\">\n\t\t\t\t\t\t<section class=\"elementor-section elementor-top-section elementor-element elementor-element-e85b51b elementor-section-content-middle elementor-section-boxed elementor-section-height-default elementor-section-height-default\" data-id=\"e85b51b\" data-element_type=\"section\" data-settings=\"{&quot;background_background&quot;:&quot;classic&quot;}\">\n\t\t\t\t\t\t<div class=\"elementor-container elementor-column-gap-no\">\n\t\t\t\t\t<div class=\"elementor-column elementor-col-100 elementor-top-column elementor-element elementor-element-45e2c33\" data-id=\"45e2c33\" data-element_type=\"column\">\n\t\t\t<div class=\"elementor-widget-wrap elementor-element-populated\">\n\t\t\t\t\t\t<div class=\"elementor-element elementor-element-eee068b elementor-widget elementor-widget-heading\" data-id=\"eee068b\" data-element_type=\"widget\" data-widget_type=\"heading.default\">\n\t\t\t\t<div class=\"elementor-widget-container\">\n\t\t\t<h2 class=\"elementor-heading-title elementor-size-default\">Regulamin<\/h2>\t\t<\/div>\n\t\t\t\t<\/div>\n\t\t\t\t\t<\/div>\n\t\t<\/div>\n\t\t\t\t\t<\/div>\n\t\t<\/section>\n\t\t\t\t<section class=\"elementor-section elementor-top-section elementor-element elementor-element-eebf746 elementor-section-boxed elementor-section-height-default elementor-section-height-default\" data-id=\"eebf746\" data-element_type=\"section\">\n\t\t\t\t\t\t<div class=\"elementor-container elementor-column-gap-default\">\n\t\t\t\t\t<div class=\"elementor-column elementor-col-50 elementor-top-column elementor-element elementor-element-80304f4\" data-id=\"80304f4\" data-element_type=\"column\" data-settings=\"{&quot;background_background&quot;:&quot;classic&quot;}\">\n\t\t\t<div class=\"elementor-widget-wrap elementor-element-populated\">\n\t\t\t\t\t\t<div class=\"elementor-element elementor-element-7a08ac8 elementor-align-center elementor-widget elementor-widget-button\" data-id=\"7a08ac8\" data-element_type=\"widget\" data-widget_type=\"button.default\">\n\t\t\t\t<div class=\"elementor-widget-container\">\n\t\t\t\t\t<div class=\"elementor-button-wrapper\">\n\t\t\t<a class=\"elementor-button elementor-button-link elementor-size-sm\" href=\"https:\/\/coocky.pl\/index.php\/2024\/04\/28\/dostawa\/\">\n\t\t\t\t\t\t<span class=\"elementor-button-content-wrapper\">\n\t\t\t\t\t\t\t\t\t<span class=\"elementor-button-text\">Dostawa<\/span>\n\t\t\t\t\t<\/span>\n\t\t\t\t\t<\/a>\n\t\t<\/div>\n\t\t\t\t<\/div>\n\t\t\t\t<\/div>\n\t\t\t\t<div class=\"elementor-element elementor-element-642aa7c elementor-align-center elementor-widget elementor-widget-button\" data-id=\"642aa7c\" data-element_type=\"widget\" data-widget_type=\"button.default\">\n\t\t\t\t<div class=\"elementor-widget-container\">\n\t\t\t\t\t<div class=\"elementor-button-wrapper\">\n\t\t\t<a class=\"elementor-button elementor-button-link elementor-size-sm\" href=\"https:\/\/coocky.pl\/index.php\/2024\/05\/01\/elementor-5138\/\">\n\t\t\t\t\t\t<span class=\"elementor-button-content-wrapper\">\n\t\t\t\t\t\t\t\t\t<span class=\"elementor-button-text\">Zwroty \/ reklamacje<\/span>\n\t\t\t\t\t<\/span>\n\t\t\t\t\t<\/a>\n\t\t<\/div>\n\t\t\t\t<\/div>\n\t\t\t\t<\/div>\n\t\t\t\t<div class=\"elementor-element elementor-element-42aaaa2 elementor-align-center elementor-widget elementor-widget-button\" data-id=\"42aaaa2\" data-element_type=\"widget\" data-widget_type=\"button.default\">\n\t\t\t\t<div class=\"elementor-widget-container\">\n\t\t\t\t\t<div class=\"elementor-button-wrapper\">\n\t\t\t<a class=\"elementor-button elementor-button-link elementor-size-sm\" href=\"https:\/\/coocky.pl\/index.php\/2024\/05\/01\/elementor-5148\/\">\n\t\t\t\t\t\t<span class=\"elementor-button-content-wrapper\">\n\t\t\t\t\t\t\t\t\t<span class=\"elementor-button-text\">Przyk\u0142adowy formularz zwrotu<\/span>\n\t\t\t\t\t<\/span>\n\t\t\t\t\t<\/a>\n\t\t<\/div>\n\t\t\t\t<\/div>\n\t\t\t\t<\/div>\n\t\t\t\t<div class=\"elementor-element elementor-element-b04c6f4 elementor-align-center elementor-widget elementor-widget-button\" data-id=\"b04c6f4\" data-element_type=\"widget\" data-widget_type=\"button.default\">\n\t\t\t\t<div class=\"elementor-widget-container\">\n\t\t\t\t\t<div class=\"elementor-button-wrapper\">\n\t\t\t<a class=\"elementor-button elementor-button-link elementor-size-sm\" href=\"https:\/\/coocky.pl\/index.php\/2024\/05\/01\/elementor-5167\/\">\n\t\t\t\t\t\t<span class=\"elementor-button-content-wrapper\">\n\t\t\t\t\t\t\t\t\t<span class=\"elementor-button-text\">Polityka prywatno\u015bci<\/span>\n\t\t\t\t\t<\/span>\n\t\t\t\t\t<\/a>\n\t\t<\/div>\n\t\t\t\t<\/div>\n\t\t\t\t<\/div>\n\t\t\t\t\t<\/div>\n\t\t<\/div>\n\t\t\t\t<div class=\"elementor-column elementor-col-50 elementor-top-column elementor-element elementor-element-cb53d54\" data-id=\"cb53d54\" data-element_type=\"column\">\n\t\t\t<div class=\"elementor-widget-wrap elementor-element-populated\">\n\t\t\t\t\t\t<div class=\"elementor-element elementor-element-0935a8c elementor-widget elementor-widget-spacer\" data-id=\"0935a8c\" data-element_type=\"widget\" data-widget_type=\"spacer.default\">\n\t\t\t\t<div class=\"elementor-widget-container\">\n\t\t\t\t\t<div class=\"elementor-spacer\">\n\t\t\t<div class=\"elementor-spacer-inner\"><\/div>\n\t\t<\/div>\n\t\t\t\t<\/div>\n\t\t\t\t<\/div>\n\t\t\t\t<div class=\"elementor-element elementor-element-e0c9ce4 elementor-widget elementor-widget-text-editor\" data-id=\"e0c9ce4\" data-element_type=\"widget\" data-widget_type=\"text-editor.default\">\n\t\t\t\t<div class=\"elementor-widget-container\">\n\t\t\t\t\t\t\t<p><em><strong>POSTANOWIENIA OG\u00d3LNE<\/strong><\/em><\/p>\n<ol>\n<li>Sklep internetowy Coocky.pl prowadzi sprzeda\u017c detaliczn\u0105 za po\u015brednictwem Internetu, na podstawie niniejszego Regulaminu [dalej &#8222;Regulamin&#8221;].<\/li>\n<li>Dane Sklepu:<\/li>\n<\/ol>\n<p>&nbsp; &nbsp; &nbsp; &nbsp; &nbsp; &nbsp;Coocky, Roman Dobro\u0107<\/p>\n<p>&nbsp; &nbsp; &nbsp; &nbsp; &nbsp; &nbsp;ul. Zawale 92<\/p>\n<p>&nbsp; &nbsp; &nbsp; &nbsp; &nbsp; &nbsp;34-123 Chocznia<\/p>\n<p>&nbsp; &nbsp; &nbsp; &nbsp; &nbsp; &nbsp;NIP:9371396184,&nbsp;&nbsp;Regon: <font face=\"Open Sans, Helvetica Neue, Arial, Helvetica, Verdana, sans-serif\"><span style=\"font-size: 16px;\">382918650<\/span><\/font><\/p>\n<ol start=\"3\">\n<li>Regulamin jest integraln\u0105 cz\u0119\u015bci\u0105 umowy sprzeda\u017cy zawieranej z Klientem.<\/li>\n<li>Warunkiem zawarcia umowy sprzeda\u017cy jest akceptacja Regulaminu przez Klienta.<\/li>\n<li>Ceny podane w Sklepie s\u0105 cenami brutto (zawieraj\u0105 podatek VAT).<\/li>\n<li>Towary dost\u0119pne w Sklepie s\u0105 wolne od wad fizycznych i prawnych.<\/li>\n<\/ol>\n<p><em><strong>ZAM\u00d3WIENIA<\/strong><\/em><\/p>\n<ol>\n<li>Zam\u00f3wienia mo\u017cna sk\u0142ada\u0107 w nast\u0119puj\u0105cy spos\u00f3b:<\/li>\n<\/ol>\n<ul>\n<li>poprzez formularz dost\u0119pny na stronie internetowej Sklepu,<\/li>\n<li>emailem na adres dost\u0119pny na stronie internetowej Sklepu;<\/li>\n<li>przez platform\u0119 sprzeda\u017cow\u0105 (sklep internetowy).<\/li>\n<\/ul>\n<ol start=\"2\">\n<li>Warunkiem realizacji zam\u00f3wienia jest podanie przez Klienta danych pozwalaj\u0105cych na weryfikacj\u0119 Klienta i odbiorcy towaru. Sklep potwierdza przyj\u0119cie zam\u00f3wienia e-mailem. Sklep ma prawo odm\u00f3wi\u0107 przyj\u0119cia zam\u00f3wienia, ograniczy\u0107 spos\u00f3b p\u0142atno\u015bci lub \u017c\u0105da\u0107 przedp\u0142aty w przypadku, gdy zam\u00f3wienie budzi uzasadnione w\u0105tpliwo\u015bci co do prawdziwo\u015bci i rzetelno\u015bci podanych danych, b\u0105d\u017a sposobu zap\u0142aty.<\/li>\n<li>Dla stron wi\u0105\u017c\u0105ce s\u0105 informacje zawarte na stronie internetowej Sklepu przy kupowanym towarze w momencie z\u0142o\u017cenia zam\u00f3wienia, w szczeg\u00f3lno\u015bci: cena, charakterystyka towaru, jego cechy, elementy wchodz\u0105ce w sk\u0142ad zestawu, termin i spos\u00f3b dostawy.<\/li>\n<li>Informacje znajduj\u0105ce si\u0119 na stronie internetowej Sklepu nie stanowi\u0105 oferty w rozumieniu Kodeksu Cywilnego. Klient sk\u0142adaj\u0105c zam\u00f3wienie sk\u0142ada ofert\u0119 zakupu okre\u015blonego towaru.<\/li>\n<li>Zasady realizacji zam\u00f3wienia w przypadku produkt\u00f3w szytych na wymiar: <br>1) do podanych przez Klienta wymiar\u00f3w dodawany jest luz, kt\u00f3ry dobierany jest wg sztuki krawieckiej i uzale\u017cniony jest od wymiar\u00f3w pupila i od materia\u0142u, z kt\u00f3rego szyjemy ubranko;<br>2) ubranka szyte na podane wymiary przez Klienta, z uwzgl\u0119dnieniem przez niego luzu &#8211; na odpowiedzialno\u015b\u0107 Klienta i zaznaczeniem przez niego, \u017ce s\u0105 to ju\u017c wymiary, jakie ma mie\u0107 gotowe ubranko (w zam\u00f3wieniu przy wymiarach podawanych przez Klienta powinna znale\u017a\u0107 notka &#8222;na gotowo&#8221;).<\/li>\n<li>Wykonywane przez nas produkty, po wcze\u015bniejszej konsultacji mog\u0105 zosta\u0107 zmodyfikowane wg \u017cyczenia Klienta. Wzory tych produkt\u00f3w mog\u0105 zosta\u0107 wykorzystane przez Sklep w celach reklamowych i komercyjnych.<\/li>\n<li><strong>Czas realizacji zam\u00f3wienia: Sklep jest producentem oferowanych produkt\u00f3w. Czas realizacji mo\u017ce waha\u0107 si\u0119 mi\u0119dzy 2-14 dniami roboczymi plus czas wysy\u0142ki. W razie przed\u0142u\u017cenia si\u0119 czasu realizacji zam\u00f3wienia Sklep b\u0119dzie kontaktowa\u0142 si\u0119 z Kupuj\u0105cym drog\u0105 mailow\u0105 lub telefoniczn\u0105.&nbsp;<\/strong><\/li>\n<\/ol>\n<p><em><strong>P\u0141ATNO\u015aCI<\/strong><\/em><\/p>\n<ol>\n<li>Klient ma do wyboru r\u00f3\u017cne formy p\u0142atno\u015bci.<\/li>\n<li>Ceny przesy\u0142ek:<\/li>\n<\/ol>\n<ul>\n<li>Na terenie kraju:<\/li>\n<li>Kurier: 22,99 z\u0142<\/li>\n<li>Paczkomat Inpost: 18,99 z\u0142<\/li>\n<\/ul>\n<ol start=\"3\">\n<li>Warunkiem wydania towaru jest zap\u0142ata za towar i przesy\u0142k\u0119.<\/li>\n<\/ol>\n<p><em><strong>WYSY\u0141KA<\/strong><\/em><\/p>\n<ol>\n<li>Zam\u00f3wiony towar Sklep wysy\u0142a za po\u015brednictwem firm wysy\u0142kowych (np. firmy kurierskiej).<\/li>\n<li>W przypadku p\u0142atno\u015bci za pomoc\u0105 karty p\u0142atniczej, termin realizacji zam\u00f3wienia jest liczony od chwili pozytywnej autoryzacji transakcji.<\/li>\n<li>W przypadku p\u0142atno\u015bci w inny spos\u00f3b ni\u017c za pobraniem, termin wysy\u0142ki wyd\u0142u\u017ca si\u0119 o okres pomi\u0119dzy z\u0142o\u017ceniem zam\u00f3wienia, a dat\u0105 zaksi\u0119gowania nale\u017cno\u015bci na rachunku bankowym Sklepu.<\/li>\n<\/ol>\n<p><em><strong>REKLAMACJE<\/strong><\/em><\/p>\n<ol>\n<li>W przypadku niezgodno\u015bci towaru z umow\u0105 Klient powinien odes\u0142a\u0107 do Sklepu reklamowany towar wraz z opisem niezgodno\u015bci i paragonem.<\/li>\n<li>Sklep ustosunkowuje si\u0119 do reklamacji Klienta w terminie 14 dni roboczych od momentu zwrotu towaru wraz z opisem niezgodno\u015bci i paragonem.<\/li>\n<li>Gdy realizacja uzasadnionej reklamacji wi\u0105\u017ce si\u0119 z wys\u0142aniem Klientowi nowego towaru, b\u0105d\u017a usuni\u0119cia niezgodno\u015bci, koszty dostaw ponosi Sklep.<\/li>\n<li>Indywidualne ustawienia komputera i monitora Klienta powoduj\u0105ce b\u0142\u0119dne lub zniekszta\u0142cone wy\u015bwietlanie informacji o towarach (np. kolor\u00f3w), nie mog\u0105 by\u0107 podstaw\u0105 reklamacji.<\/li>\n<li>Adres zwrotu produktu:<\/li>\n<\/ol>\n<p>&nbsp; &nbsp; &nbsp; &nbsp; &nbsp; &nbsp; &nbsp; <strong>Coocky<\/strong><\/p>\n<p><strong>&nbsp; &nbsp; &nbsp; &nbsp; &nbsp; &nbsp; &nbsp; ul. Zawale 92<\/strong><\/p>\n<p><strong>&nbsp; &nbsp; &nbsp; &nbsp; &nbsp; &nbsp; &nbsp;34-123 Chocznia<\/strong><\/p>\n<p><em><strong>PRAWO ODST\u0104PIENIA OD UMOWY<\/strong><\/em><\/p>\n<ol>\n<li>Na podstawie Ustawy o ochronie niekt\u00f3rych praw konsument\u00f3w oraz o odpowiedzialno\u015bci za szkod\u0119 wyrz\u0105dzon\u0105 przez produkt niebezpieczny z dnia 2 marca 2000 r. Klient ma prawo odst\u0105pienia od umowy.<\/li>\n<li>Prawo odst\u0105pienia od umowy jest skuteczne je\u017celi Klient z\u0142o\u017cy Sklepowi, w terminie 14 dni od odbioru towaru, o\u015bwiadczenie o odst\u0105pieniu od umowy.<\/li>\n<li>Klient zwraca towar do Sklepu w terminie 14 dni od z\u0142o\u017cenia o\u015bwiadczenia o odst\u0105pieniu od umowy.<\/li>\n<li>W ci\u0105gu 14 dni roboczych od otrzymania przesy\u0142ki, Sklep sprawdzi stan przekazanego produktu, nast\u0119pnie zwraca Klientowi zap\u0142acon\u0105 kwot\u0119, pod warunkiem, \u017ce produkt zosta\u0142 zwr\u00f3cony w stanie nienaruszonym. Klient powinien wskaza\u0107 numer rachunku bankowego, na jaki ma zosta\u0107 przelana zwracana kwota. W przypadku p\u0142atno\u015bci kart\u0105 p\u0142atnicz\u0105 zwrot \u015brodk\u00f3w zostanie wykonany na kart\u0119.<\/li>\n<li>Koszty wysy\u0142ki zwrotnej ponosi kupuj\u0105cy.<\/li>\n<li style=\"font-size: 15px;\">Na podstawie art. 38 pkt. 3 ustawy z dnia 30 maja 2014 r. o prawach konsumenta (Dz.U. 2014 poz. 827 z po\u017an. zm) Konsumentowi nie przys\u0142uguje prawo odst\u0105pienia od umowy, w przypadku gdy zamo\u0301wiona odzie\u017c\u0307 jest przygotowywania wed\u0142ug indywidualnej specyfikacji Konsumenta. Inaczej m\u00f3wi\u0105c, prawo zwrotu nie obowi\u0105zuje w przypadku produktu wykonanego na miar\u0119, posiadaj\u0105cego haft o tre\u015bci podanej przez Klienta, posiadaj\u0105cego zestaw aplikacji odblaskowych wybranych przez Klienta, wykonanego na podszyciu wybranym przez Klienta, posiadaj\u0105cego wykonanej na zam\u00f3wienie Klienta dziurki na po\u0142\u0105czenie smyczy z szelkami lub zaczepu na smycz, itp.<\/li>\n<li>Na podstawie art. 38 pkt. 3 ustawy z dnia 30 maja 2014 r. o prawach konsumenta (Dz.U. 2014 poz. 827 z po\u017an. zm) Konsumentowi nie przys\u0142uguje prawo odst\u0105pienia od umowy, w przypadku gdy zamo\u0301wiona odzie\u017c\u0307 jest przygotowywania wed\u0142ug indywidualnej specyfikacji Konsumenta.<\/li>\n<\/ol>\n<p><em><strong>PRAWO WYMIANY TOWARU<\/strong><\/em><\/p>\n<ol>\n<li>Na podstawie Ustawy o ochronie niekt\u00f3rych praw konsument\u00f3w oraz o odpowiedzialno\u015bci za szkod\u0119 wyrz\u0105dzon\u0105 przez produkt niebezpieczny z dnia 2 marca 2000 r. Klient ma prawo odst\u0105pienia od umowy i wymiany towaru<\/li>\n<li>Prawo do wymiany jest&nbsp; skuteczne je\u017celi Klient dokona tego , w terminie 14 dni od odbioru towaru,<\/li>\n<li>Klient odsy\u0142a&nbsp; towar do Sklepu w terminie 14 dni&nbsp; wraz za\u0142\u0105czonym i wype\u0142nionym&nbsp; formularzem zwrotu\/wymiany.<\/li>\n<li>Wymiana produktu zostanie wykonana max. do 14 dni od wp\u0142aty kwoty na ponown\u0105 wysy\u0142k\u0119 w zale\u017cno\u015bci czy Klient \u017cyczy sobie, by wysy\u0142ka nast\u0105pi\u0142a kurierem DPD, kurierem Inpost, czy paczkomatem Inpost.<\/li>\n<li>W przypadku p\u0142atno\u015bci kart\u0105, zwrot realizowany jest na kart\u0119.<\/li>\n<li>Koszty ponownej wysy\u0142ki&nbsp;ponosi kupuj\u0105cy.<\/li>\n<\/ol>\n<p><em><strong>OCHRONA PRYWATNO\u015aCI<\/strong><\/em><\/p>\n<ol>\n<li>Sk\u0142adaj\u0105c zam\u00f3wienie Klient wyra\u017ca zgod\u0119 na przetwarzanie jego danych osobowych wy\u0142\u0105cznie w celu realizacji zam\u00f3wienia.<\/li>\n<li>Klient ma prawo dost\u0119pu do swoich danych osobowych oraz ich poprawiania, \u017c\u0105dania zaprzestania ich przetwarzania oraz sprzeciwu wobec ich przetwarzania,<\/li>\n<\/ol>\n<p><em><strong>W\u0141ASNO\u015a\u0106 INTELEKTUALNA<\/strong><\/em><\/p>\n<p>&nbsp; &nbsp; &nbsp; &nbsp; &nbsp; &nbsp;Zabrania si\u0119 wykorzystywania jakichkolwiek materia\u0142\u00f3w publikowanych na stronie internetowej Sklepu (w tym zdj\u0119\u0107 i opis\u00f3w towar\u00f3w) bez pisemnej zgody Sklepu.<\/p>\n<p><em><strong>WEJ\u015aCIE W \u017bYCIE I ZMIANY REGULAMINU<\/strong><\/em><\/p>\n<ol>\n<li>Regulamin wchodzi w \u017cycie z dniem publikacji na stronie internetowej Sklepu.<\/li>\n<li>Niniejszy Regulamin mo\u017ce zosta\u0107 zmieniony.<\/li>\n<li>Zmiany Regulaminu zostan\u0105 opublikowane na stronie Sklepu.<\/li>\n<li>Informacja o zmianach Regulaminu zostanie przes\u0142ana Klientowi na adres email wskazany w zam\u00f3wieniu.<\/li>\n<li>Zmiany Regulaminu wchodz\u0105 w \u017cycie po up\u0142ywie 14 dni od dnia ich publikacji w spos\u00f3b okre\u015blony w ust. 3.<\/li>\n<li>Sklep uznaje, i\u017c Klient zaakceptowa\u0142 zmiany regulaminu, je\u015bli nie wypowiedzia\u0142 umowy do ko\u0144ca up\u0142ywu okresu wskazanego w ust. 5.<\/li>\n<\/ol>\t\t\t\t\t\t<\/div>\n\t\t\t\t<\/div>\n\t\t\t\t\t<\/div>\n\t\t<\/div>\n\t\t\t\t\t<\/div>\n\t\t<\/section>\n\t\t\t\t<\/div>\n\t\t","protected":false},"excerpt":{"rendered":"<p>Regulamin Dostawa Zwroty \/ reklamacje Przyk\u0142adowy formularz zwrotu Polityka prywatno\u015bci POSTANOWIENIA OG\u00d3LNE Sklep internetowy Coocky.pl prowadzi sprzeda\u017c detaliczn\u0105 za po\u015brednictwem Internetu, na podstawie niniejszego Regulaminu [dalej &#8222;Regulamin&#8221;]. Dane Sklepu: &nbsp; &nbsp; &nbsp; &nbsp; &nbsp; &nbsp;Coocky, Roman Dobro\u0107 &nbsp; &nbsp; &nbsp; &nbsp; &nbsp; &nbsp;ul. Zawale 92 &nbsp; &nbsp; &nbsp; &nbsp; &nbsp; &nbsp;34-123 Chocznia &nbsp; &nbsp; &nbsp; [&hellip;]<\/p>\n","protected":false},"author":1,"featured_media":0,"parent":0,"menu_order":0,"comment_status":"closed","ping_status":"closed","template":"","meta":{"_acf_changed":false,"site-sidebar-layout":"no-sidebar","site-content-layout":"page-builder","ast-site-content-layout":"full-width-container","site-content-style":"unboxed","site-sidebar-style":"unboxed","ast-global-header-display":"","ast-banner-title-visibility":"","ast-main-header-display":"","ast-hfb-above-header-display":"","ast-hfb-below-header-display":"","ast-hfb-mobile-header-display":"","site-post-title":"disabled","ast-breadcrumbs-content":"","ast-featured-img":"disabled","footer-sml-layout":"","theme-transparent-header-meta":"default","adv-header-id-meta":"","stick-header-meta":"","header-above-stick-meta":"","header-main-stick-meta":"","header-below-stick-meta":"","astra-migrate-meta-layouts":"set","ast-page-background-enabled":"default","ast-page-background-meta":{"desktop":{"background-color":"var(--ast-global-color-4)","background-image":"","background-repeat":"repeat","background-position":"center center","background-size":"auto","background-attachment":"scroll","background-type":"","background-media":"","overlay-type":"","overlay-color":"","overlay-gradient":""},"tablet":{"background-color":"","background-image":"","background-repeat":"repeat","background-position":"center center","background-size":"auto","background-attachment":"scroll","background-type":"","background-media":"","overlay-type":"","overlay-color":"","overlay-gradient":""},"mobile":{"background-color":"","background-image":"","background-repeat":"repeat","background-position":"center center","background-size":"auto","background-attachment":"scroll","background-type":"","background-media":"","overlay-type":"","overlay-color":"","overlay-gradient":""}},"ast-content-background-meta":{"desktop":{"background-color":"var(--ast-global-color-5)","background-image":"","background-repeat":"repeat","background-position":"center center","background-size":"auto","background-attachment":"scroll","background-type":"","background-media":"","overlay-type":"","overlay-color":"","overlay-gradient":""},"tablet":{"background-color":"var(--ast-global-color-5)","background-image":"","background-repeat":"repeat","background-position":"center center","background-size":"auto","background-attachment":"scroll","background-type":"","background-media":"","overlay-type":"","overlay-color":"","overlay-gradient":""},"mobile":{"background-color":"var(--ast-global-color-5)","background-image":"","background-repeat":"repeat","background-position":"center center","background-size":"auto","background-attachment":"scroll","background-type":"","background-media":"","overlay-type":"","overlay-color":"","overlay-gradient":""}},"footnotes":""},"acf":[],"yoast_head":"<!-- This site is optimized with the Yoast SEO plugin v22.5 - https:\/\/yoast.com\/wordpress\/plugins\/seo\/ -->\n<title>Regulamin - Sklep z Akcesoriami dla Ps\u00f3w i Kot\u00f3w, Coocky.<\/title>\n<meta name=\"description\" content=\"Zapoznaj si\u0119 z regulaminem naszego sklepu z ubrankami i akcesoriami dla ps\u00f3w oraz kot\u00f3w Coocky. Zapraszamy do kontaktu!\" \/>\n<meta name=\"robots\" content=\"index, follow, max-snippet:-1, max-image-preview:large, max-video-preview:-1\" \/>\n<link rel=\"canonical\" href=\"https:\/\/coocky.pl\/index.php\/regulamin\/\" \/>\n<meta property=\"og:locale\" content=\"pl_PL\" \/>\n<meta property=\"og:type\" content=\"article\" \/>\n<meta property=\"og:title\" content=\"Regulamin - Sklep z Akcesoriami dla Ps\u00f3w i Kot\u00f3w, Coocky.\" \/>\n<meta property=\"og:description\" content=\"Zapoznaj si\u0119 z regulaminem naszego sklepu z ubrankami i akcesoriami dla ps\u00f3w oraz kot\u00f3w Coocky. Zapraszamy do kontaktu!\" \/>\n<meta property=\"og:url\" content=\"https:\/\/coocky.pl\/index.php\/regulamin\/\" \/>\n<meta property=\"article:publisher\" content=\"https:\/\/www.facebook.com\/ubranka.coocky\" \/>\n<meta property=\"article:modified_time\" content=\"2024-05-17T10:49:46+00:00\" \/>\n<meta property=\"og:image\" content=\"https:\/\/coocky.pl\/wp-content\/uploads\/2021\/11\/post.jpg\" \/>\n\t<meta property=\"og:image:width\" content=\"2400\" \/>\n\t<meta property=\"og:image:height\" content=\"1600\" \/>\n\t<meta property=\"og:image:type\" content=\"image\/jpeg\" \/>\n<meta name=\"twitter:card\" content=\"summary_large_image\" \/>\n<meta name=\"twitter:label1\" content=\"Szacowany czas czytania\" \/>\n\t<meta name=\"twitter:data1\" content=\"7 minut\" \/>\n<script type=\"application\/ld+json\" class=\"yoast-schema-graph\">{\"@context\":\"https:\/\/schema.org\",\"@graph\":[{\"@type\":\"WebPage\",\"@id\":\"https:\/\/coocky.pl\/index.php\/regulamin\/\",\"url\":\"https:\/\/coocky.pl\/index.php\/regulamin\/\",\"name\":\"Regulamin - Sklep z Akcesoriami dla Ps\u00f3w i Kot\u00f3w, Coocky.\",\"isPartOf\":{\"@id\":\"https:\/\/coocky.pl\/#website\"},\"datePublished\":\"2020-11-25T18:01:48+00:00\",\"dateModified\":\"2024-05-17T10:49:46+00:00\",\"description\":\"Zapoznaj si\u0119 z regulaminem naszego sklepu z ubrankami i akcesoriami dla ps\u00f3w oraz kot\u00f3w Coocky. Zapraszamy do kontaktu!\",\"breadcrumb\":{\"@id\":\"https:\/\/coocky.pl\/index.php\/regulamin\/#breadcrumb\"},\"inLanguage\":\"pl-PL\",\"potentialAction\":[{\"@type\":\"ReadAction\",\"target\":[\"https:\/\/coocky.pl\/index.php\/regulamin\/\"]}]},{\"@type\":\"BreadcrumbList\",\"@id\":\"https:\/\/coocky.pl\/index.php\/regulamin\/#breadcrumb\",\"itemListElement\":[{\"@type\":\"ListItem\",\"position\":1,\"name\":\"Strona g\u0142\u00f3wna\",\"item\":\"https:\/\/coocky.pl\/\"},{\"@type\":\"ListItem\",\"position\":2,\"name\":\"Regulamin\"}]},{\"@type\":\"WebSite\",\"@id\":\"https:\/\/coocky.pl\/#website\",\"url\":\"https:\/\/coocky.pl\/\",\"name\":\"\",\"description\":\"Sklep z ubrankami dla ps\u00f3w\",\"potentialAction\":[{\"@type\":\"SearchAction\",\"target\":{\"@type\":\"EntryPoint\",\"urlTemplate\":\"https:\/\/coocky.pl\/?s={search_term_string}\"},\"query-input\":\"required name=search_term_string\"}],\"inLanguage\":\"pl-PL\"}]}<\/script>\n<!-- \/ Yoast SEO plugin. -->","yoast_head_json":{"title":"Regulamin - Sklep z Akcesoriami dla Ps\u00f3w i Kot\u00f3w, Coocky.","description":"Zapoznaj si\u0119 z regulaminem naszego sklepu z ubrankami i akcesoriami dla ps\u00f3w oraz kot\u00f3w Coocky. Zapraszamy do kontaktu!","robots":{"index":"index","follow":"follow","max-snippet":"max-snippet:-1","max-image-preview":"max-image-preview:large","max-video-preview":"max-video-preview:-1"},"canonical":"https:\/\/coocky.pl\/index.php\/regulamin\/","og_locale":"pl_PL","og_type":"article","og_title":"Regulamin - Sklep z Akcesoriami dla Ps\u00f3w i Kot\u00f3w, Coocky.","og_description":"Zapoznaj si\u0119 z regulaminem naszego sklepu z ubrankami i akcesoriami dla ps\u00f3w oraz kot\u00f3w Coocky. Zapraszamy do kontaktu!","og_url":"https:\/\/coocky.pl\/index.php\/regulamin\/","article_publisher":"https:\/\/www.facebook.com\/ubranka.coocky","article_modified_time":"2024-05-17T10:49:46+00:00","og_image":[{"width":2400,"height":1600,"url":"https:\/\/coocky.pl\/wp-content\/uploads\/2021\/11\/post.jpg","type":"image\/jpeg"}],"twitter_card":"summary_large_image","twitter_misc":{"Szacowany czas czytania":"7 minut"},"schema":{"@context":"https:\/\/schema.org","@graph":[{"@type":"WebPage","@id":"https:\/\/coocky.pl\/index.php\/regulamin\/","url":"https:\/\/coocky.pl\/index.php\/regulamin\/","name":"Regulamin - Sklep z Akcesoriami dla Ps\u00f3w i Kot\u00f3w, Coocky.","isPartOf":{"@id":"https:\/\/coocky.pl\/#website"},"datePublished":"2020-11-25T18:01:48+00:00","dateModified":"2024-05-17T10:49:46+00:00","description":"Zapoznaj si\u0119 z regulaminem naszego sklepu z ubrankami i akcesoriami dla ps\u00f3w oraz kot\u00f3w Coocky. Zapraszamy do kontaktu!","breadcrumb":{"@id":"https:\/\/coocky.pl\/index.php\/regulamin\/#breadcrumb"},"inLanguage":"pl-PL","potentialAction":[{"@type":"ReadAction","target":["https:\/\/coocky.pl\/index.php\/regulamin\/"]}]},{"@type":"BreadcrumbList","@id":"https:\/\/coocky.pl\/index.php\/regulamin\/#breadcrumb","itemListElement":[{"@type":"ListItem","position":1,"name":"Strona g\u0142\u00f3wna","item":"https:\/\/coocky.pl\/"},{"@type":"ListItem","position":2,"name":"Regulamin"}]},{"@type":"WebSite","@id":"https:\/\/coocky.pl\/#website","url":"https:\/\/coocky.pl\/","name":"","description":"Sklep z ubrankami dla ps\u00f3w","potentialAction":[{"@type":"SearchAction","target":{"@type":"EntryPoint","urlTemplate":"https:\/\/coocky.pl\/?s={search_term_string}"},"query-input":"required name=search_term_string"}],"inLanguage":"pl-PL"}]}},"_links":{"self":[{"href":"https:\/\/coocky.pl\/index.php\/wp-json\/wp\/v2\/pages\/3052"}],"collection":[{"href":"https:\/\/coocky.pl\/index.php\/wp-json\/wp\/v2\/pages"}],"about":[{"href":"https:\/\/coocky.pl\/index.php\/wp-json\/wp\/v2\/types\/page"}],"author":[{"embeddable":true,"href":"https:\/\/coocky.pl\/index.php\/wp-json\/wp\/v2\/users\/1"}],"replies":[{"embeddable":true,"href":"https:\/\/coocky.pl\/index.php\/wp-json\/wp\/v2\/comments?post=3052"}],"version-history":[{"count":16,"href":"https:\/\/coocky.pl\/index.php\/wp-json\/wp\/v2\/pages\/3052\/revisions"}],"predecessor-version":[{"id":5230,"href":"https:\/\/coocky.pl\/index.php\/wp-json\/wp\/v2\/pages\/3052\/revisions\/5230"}],"wp:attachment":[{"href":"https:\/\/coocky.pl\/index.php\/wp-json\/wp\/v2\/media?parent=3052"}],"curies":[{"name":"wp","href":"https:\/\/api.w.org\/{rel}","templated":true}]}}