{"id":2099,"date":"2017-12-17T10:06:43","date_gmt":"2017-12-17T10:06:43","guid":{"rendered":"https:\/\/coocky.pl\/index.php\/about\/"},"modified":"2024-05-16T14:54:59","modified_gmt":"2024-05-16T12:54:59","slug":"o-nas","status":"publish","type":"page","link":"https:\/\/coocky.pl\/index.php\/o-nas\/","title":{"rendered":"O nas"},"content":{"rendered":"\t\t<div data-elementor-type=\"wp-post\" data-elementor-id=\"2099\" class=\"elementor elementor-2099\">\n\t\t\t\t\t\t<section class=\"elementor-section elementor-top-section elementor-element elementor-element-8c39fce elementor-section-content-middle elementor-section-boxed elementor-section-height-default elementor-section-height-default\" data-id=\"8c39fce\" data-element_type=\"section\" data-settings=\"{&quot;background_background&quot;:&quot;classic&quot;}\">\n\t\t\t\t\t\t\t<div class=\"elementor-background-overlay\"><\/div>\n\t\t\t\t\t\t\t<div class=\"elementor-container elementor-column-gap-no\">\n\t\t\t\t\t<div class=\"elementor-column elementor-col-100 elementor-top-column elementor-element elementor-element-b1952b1\" data-id=\"b1952b1\" data-element_type=\"column\">\n\t\t\t<div class=\"elementor-widget-wrap elementor-element-populated\">\n\t\t\t\t\t\t<div class=\"elementor-element elementor-element-03b93f0 elementor-widget elementor-widget-heading\" data-id=\"03b93f0\" data-element_type=\"widget\" data-widget_type=\"heading.default\">\n\t\t\t\t<div class=\"elementor-widget-container\">\n\t\t\t<h1 class=\"elementor-heading-title elementor-size-default\">O nas<\/h1>\t\t<\/div>\n\t\t\t\t<\/div>\n\t\t\t\t\t<\/div>\n\t\t<\/div>\n\t\t\t\t\t<\/div>\n\t\t<\/section>\n\t\t\t\t<section class=\"elementor-section elementor-top-section elementor-element elementor-element-d28c655 elementor-section-full_width elementor-section-height-default elementor-section-height-default\" data-id=\"d28c655\" data-element_type=\"section\" data-settings=\"{&quot;background_background&quot;:&quot;classic&quot;}\">\n\t\t\t\t\t\t<div class=\"elementor-container elementor-column-gap-default\">\n\t\t\t\t\t<div class=\"elementor-column elementor-col-100 elementor-top-column elementor-element elementor-element-997bde8\" data-id=\"997bde8\" data-element_type=\"column\" data-settings=\"{&quot;background_background&quot;:&quot;classic&quot;}\">\n\t\t\t<div class=\"elementor-widget-wrap elementor-element-populated\">\n\t\t\t\t\t\t<section class=\"elementor-section elementor-inner-section elementor-element elementor-element-83b3443 elementor-section-full_width elementor-section-content-middle elementor-section-height-default elementor-section-height-default\" data-id=\"83b3443\" data-element_type=\"section\" data-settings=\"{&quot;background_background&quot;:&quot;classic&quot;}\">\n\t\t\t\t\t\t<div class=\"elementor-container elementor-column-gap-no\">\n\t\t\t\t\t<div class=\"elementor-column elementor-col-50 elementor-inner-column elementor-element elementor-element-fe6e6ed\" data-id=\"fe6e6ed\" data-element_type=\"column\" data-settings=\"{&quot;background_background&quot;:&quot;classic&quot;}\">\n\t\t\t<div class=\"elementor-widget-wrap elementor-element-populated\">\n\t\t\t\t\t\t<div class=\"elementor-element elementor-element-ccb1e63 elementor-widget elementor-widget-heading\" data-id=\"ccb1e63\" data-element_type=\"widget\" data-widget_type=\"heading.default\">\n\t\t\t\t<div class=\"elementor-widget-container\">\n\t\t\t<h2 class=\"elementor-heading-title elementor-size-default\">Kim jeste\u015bmy?<\/h2>\t\t<\/div>\n\t\t\t\t<\/div>\n\t\t\t\t<div class=\"elementor-element elementor-element-653f0c9 elementor-widget elementor-widget-text-editor\" data-id=\"653f0c9\" data-element_type=\"widget\" data-widget_type=\"text-editor.default\">\n\t\t\t\t<div class=\"elementor-widget-container\">\n\t\t\t\t\t\t\t<p>Istniejemy na rynku od 10 lat. W swojej ofercie posiadamy liczne produkty r\u00f3\u017cnej kategorii, m.in. szelki, kurtki, bezr\u0119kawniki, bluzy, majtki i wiele innych. Do pracy zabieramy si\u0119 ka\u017cdego dnia z pasj\u0105 i zami\u0142owaniem do wszystkich pupili &#8211; naszych klient\u00f3w. Tw\u00f3j ulubieniec jest cz\u0142onkiem rodziny, dlatego zadbaj o niego, a my Ci w tym pomo\u017cemy!<\/p>\t\t\t\t\t\t<\/div>\n\t\t\t\t<\/div>\n\t\t\t\t\t<\/div>\n\t\t<\/div>\n\t\t\t\t<div class=\"elementor-column elementor-col-50 elementor-inner-column elementor-element elementor-element-7b5ea60\" data-id=\"7b5ea60\" data-element_type=\"column\" data-settings=\"{&quot;background_background&quot;:&quot;classic&quot;}\">\n\t\t\t<div class=\"elementor-widget-wrap elementor-element-populated\">\n\t\t\t\t\t\t<div class=\"elementor-element elementor-element-e7c1cd0 elementor-widget elementor-widget-heading\" data-id=\"e7c1cd0\" data-element_type=\"widget\" data-widget_type=\"heading.default\">\n\t\t\t\t<div class=\"elementor-widget-container\">\n\t\t\t<h2 class=\"elementor-heading-title elementor-size-default\">U nas kupujesz bezpiecznie!<\/h2>\t\t<\/div>\n\t\t\t\t<\/div>\n\t\t\t\t<div class=\"elementor-element elementor-element-f6a1004 elementor-widget elementor-widget-text-editor\" data-id=\"f6a1004\" data-element_type=\"widget\" data-widget_type=\"text-editor.default\">\n\t\t\t\t<div class=\"elementor-widget-container\">\n\t\t\t\t\t\t\t<h5>14 dni na zwrot towaru &#8211; zr\u00f3b to w kilku prostych krokach!<\/h5><p>Warunkiem odst\u0105pienia od umowy jest poinformowanie nas mailowo (coocky.ubranka.dla.psow@gmail.com) o ch\u0119ci zwrotu towaru, \u00a0przes\u0142anie skanu, b\u0105d\u017a wys\u0142anie wraz z towarem o\u015bwiadczenia o odst\u0105pieniu od umowy, a nast\u0119pnie odes\u0142anie towaru w stanie nienaruszonym wraz z paragonem na adres:\u00a0<\/p><p><span style=\"font-size: 15.9375px;\">Coocky<\/span><\/p><p><span style=\"font-size: 15.9375px;\">ul. Zawale 92<\/span><\/p><p><span style=\"font-size: 15.9375px;\">34-123 Chocznia<br \/><br \/>Pami\u0119taj, \u017ce je\u017celi zakupiony przez Ciebie produkt uszyli\u015bmy na zam\u00f3wienie wg Twojej indywidualnej specyfikacji (tj. na miar\u0119,<br \/>z dobranymi przez Ciebie opcjami dodatkowymi lub wybranym przez Ciebie rodzajem podszycia) prawo zwrotu jest OGRANICZONE.<\/span><\/p>\t\t\t\t\t\t<\/div>\n\t\t\t\t<\/div>\n\t\t\t\t\t<\/div>\n\t\t<\/div>\n\t\t\t\t\t<\/div>\n\t\t<\/section>\n\t\t\t\t\t<\/div>\n\t\t<\/div>\n\t\t\t\t\t<\/div>\n\t\t<\/section>\n\t\t\t\t<section class=\"elementor-section elementor-top-section elementor-element elementor-element-3a9b7e0 elementor-section-boxed elementor-section-height-default elementor-section-height-default\" data-id=\"3a9b7e0\" data-element_type=\"section\" data-settings=\"{&quot;background_background&quot;:&quot;classic&quot;}\">\n\t\t\t\t\t\t<div class=\"elementor-container elementor-column-gap-default\">\n\t\t\t\t\t<div class=\"elementor-column elementor-col-100 elementor-top-column elementor-element elementor-element-a053cfd\" data-id=\"a053cfd\" data-element_type=\"column\">\n\t\t\t<div class=\"elementor-widget-wrap elementor-element-populated\">\n\t\t\t\t\t\t<section class=\"elementor-section elementor-inner-section elementor-element elementor-element-03e1cac elementor-section-boxed elementor-section-height-default elementor-section-height-default\" data-id=\"03e1cac\" data-element_type=\"section\">\n\t\t\t\t\t\t<div class=\"elementor-container elementor-column-gap-default\">\n\t\t\t\t\t<div class=\"elementor-column elementor-col-33 elementor-inner-column elementor-element elementor-element-7c66e5c\" data-id=\"7c66e5c\" data-element_type=\"column\">\n\t\t\t<div class=\"elementor-widget-wrap\">\n\t\t\t\t\t\t\t<\/div>\n\t\t<\/div>\n\t\t\t\t<div class=\"elementor-column elementor-col-33 elementor-inner-column elementor-element elementor-element-b0d8956\" data-id=\"b0d8956\" data-element_type=\"column\">\n\t\t\t<div class=\"elementor-widget-wrap elementor-element-populated\">\n\t\t\t\t\t\t<div class=\"elementor-element elementor-element-c5768f1 elementor-widget-divider--view-line elementor-widget elementor-widget-divider\" data-id=\"c5768f1\" data-element_type=\"widget\" data-widget_type=\"divider.default\">\n\t\t\t\t<div class=\"elementor-widget-container\">\n\t\t\t\t\t<div class=\"elementor-divider\">\n\t\t\t<span class=\"elementor-divider-separator\">\n\t\t\t\t\t\t<\/span>\n\t\t<\/div>\n\t\t\t\t<\/div>\n\t\t\t\t<\/div>\n\t\t\t\t<div class=\"elementor-element elementor-element-e0a6bd8 elementor-widget elementor-widget-heading\" data-id=\"e0a6bd8\" data-element_type=\"widget\" data-widget_type=\"heading.default\">\n\t\t\t\t<div class=\"elementor-widget-container\">\n\t\t\t<h4 class=\"elementor-heading-title elementor-size-default\">Z Naszymi Pupilami Tworzymy<\/h4>\t\t<\/div>\n\t\t\t\t<\/div>\n\t\t\t\t<div class=\"elementor-element elementor-element-c76afb1 elementor-widget elementor-widget-heading\" data-id=\"c76afb1\" data-element_type=\"widget\" data-widget_type=\"heading.default\">\n\t\t\t\t<div class=\"elementor-widget-container\">\n\t\t\t<h2 class=\"elementor-heading-title elementor-size-default\">Zgrany Zesp\u00f3\u0142<\/h2>\t\t<\/div>\n\t\t\t\t<\/div>\n\t\t\t\t\t<\/div>\n\t\t<\/div>\n\t\t\t\t<div class=\"elementor-column elementor-col-33 elementor-inner-column elementor-element elementor-element-e06e277\" data-id=\"e06e277\" data-element_type=\"column\">\n\t\t\t<div class=\"elementor-widget-wrap\">\n\t\t\t\t\t\t\t<\/div>\n\t\t<\/div>\n\t\t\t\t\t<\/div>\n\t\t<\/section>\n\t\t\t\t<section class=\"elementor-section elementor-inner-section elementor-element elementor-element-c372f18 elementor-section-boxed elementor-section-height-default elementor-section-height-default\" data-id=\"c372f18\" data-element_type=\"section\">\n\t\t\t\t\t\t<div class=\"elementor-container elementor-column-gap-extended\">\n\t\t\t\t\t<div class=\"elementor-column elementor-col-33 elementor-inner-column elementor-element elementor-element-42c0bf7\" data-id=\"42c0bf7\" data-element_type=\"column\">\n\t\t\t<div class=\"elementor-widget-wrap elementor-element-populated\">\n\t\t\t\t\t\t<div class=\"elementor-element elementor-element-789daba elementor-widget elementor-widget-image\" data-id=\"789daba\" data-element_type=\"widget\" data-widget_type=\"image.default\">\n\t\t\t\t<div class=\"elementor-widget-container\">\n\t\t\t\t\t\t\t\t\t\t\t\t\t<img decoding=\"async\" src=\"https:\/\/coocky.pl\/wp-content\/uploads\/2020\/08\/Tosiaa-300x300.jpg\" title=\"Tosiaa\" alt=\"Tosiaa\" loading=\"lazy\" \/>\t\t\t\t\t\t\t\t\t\t\t\t\t<\/div>\n\t\t\t\t<\/div>\n\t\t\t\t\t<\/div>\n\t\t<\/div>\n\t\t\t\t<div class=\"elementor-column elementor-col-33 elementor-inner-column elementor-element elementor-element-f27bf2f\" data-id=\"f27bf2f\" data-element_type=\"column\">\n\t\t\t<div class=\"elementor-widget-wrap elementor-element-populated\">\n\t\t\t\t\t\t<div class=\"elementor-element elementor-element-22e6efd elementor-widget elementor-widget-image\" data-id=\"22e6efd\" data-element_type=\"widget\" data-widget_type=\"image.default\">\n\t\t\t\t<div class=\"elementor-widget-container\">\n\t\t\t\t\t\t\t\t\t\t\t\t\t<img decoding=\"async\" src=\"https:\/\/coocky.pl\/wp-content\/uploads\/2020\/08\/Julkaa-300x300.jpg\" title=\"Julkaa\" alt=\"Julkaa\" loading=\"lazy\" \/>\t\t\t\t\t\t\t\t\t\t\t\t\t<\/div>\n\t\t\t\t<\/div>\n\t\t\t\t\t<\/div>\n\t\t<\/div>\n\t\t\t\t<div class=\"elementor-column elementor-col-33 elementor-inner-column elementor-element elementor-element-a2ce1ac\" data-id=\"a2ce1ac\" data-element_type=\"column\">\n\t\t\t<div class=\"elementor-widget-wrap elementor-element-populated\">\n\t\t\t\t\t\t<div class=\"elementor-element elementor-element-5efd073 elementor-widget elementor-widget-image\" data-id=\"5efd073\" data-element_type=\"widget\" data-widget_type=\"image.default\">\n\t\t\t\t<div class=\"elementor-widget-container\">\n\t\t\t\t\t\t\t\t\t\t\t\t\t<img decoding=\"async\" src=\"https:\/\/coocky.pl\/wp-content\/uploads\/2020\/08\/Lilekk-300x300.jpg\" title=\"Lilekk\" alt=\"Lilekk\" loading=\"lazy\" \/>\t\t\t\t\t\t\t\t\t\t\t\t\t<\/div>\n\t\t\t\t<\/div>\n\t\t\t\t\t<\/div>\n\t\t<\/div>\n\t\t\t\t\t<\/div>\n\t\t<\/section>\n\t\t\t\t\t<\/div>\n\t\t<\/div>\n\t\t\t\t\t<\/div>\n\t\t<\/section>\n\t\t\t\t<section class=\"elementor-section elementor-top-section elementor-element elementor-element-d0ca6fa elementor-section-boxed elementor-section-height-default elementor-section-height-default\" data-id=\"d0ca6fa\" data-element_type=\"section\" data-settings=\"{&quot;background_background&quot;:&quot;classic&quot;}\">\n\t\t\t\t\t\t\t<div class=\"elementor-background-overlay\"><\/div>\n\t\t\t\t\t\t\t<div class=\"elementor-container elementor-column-gap-no\">\n\t\t\t\t\t<div class=\"elementor-column elementor-col-100 elementor-top-column elementor-element elementor-element-a5fd6c9\" data-id=\"a5fd6c9\" data-element_type=\"column\">\n\t\t\t<div class=\"elementor-widget-wrap elementor-element-populated\">\n\t\t\t\t\t\t<section class=\"elementor-section elementor-inner-section elementor-element elementor-element-a303f5d elementor-section-boxed elementor-section-height-default elementor-section-height-default\" data-id=\"a303f5d\" data-element_type=\"section\">\n\t\t\t\t\t\t<div class=\"elementor-container elementor-column-gap-no\">\n\t\t\t\t\t<div class=\"elementor-column elementor-col-50 elementor-inner-column elementor-element elementor-element-e73edb7\" data-id=\"e73edb7\" data-element_type=\"column\">\n\t\t\t<div class=\"elementor-widget-wrap\">\n\t\t\t\t\t\t\t<\/div>\n\t\t<\/div>\n\t\t\t\t<div class=\"elementor-column elementor-col-50 elementor-inner-column elementor-element elementor-element-470e78b\" data-id=\"470e78b\" data-element_type=\"column\" data-settings=\"{&quot;background_background&quot;:&quot;classic&quot;}\">\n\t\t\t<div class=\"elementor-widget-wrap elementor-element-populated\">\n\t\t\t\t\t\t<div class=\"elementor-element elementor-element-9c71173 elementor-widget-divider--view-line elementor-widget elementor-widget-divider\" data-id=\"9c71173\" data-element_type=\"widget\" data-widget_type=\"divider.default\">\n\t\t\t\t<div class=\"elementor-widget-container\">\n\t\t\t\t\t<div class=\"elementor-divider\">\n\t\t\t<span class=\"elementor-divider-separator\">\n\t\t\t\t\t\t<\/span>\n\t\t<\/div>\n\t\t\t\t<\/div>\n\t\t\t\t<\/div>\n\t\t\t\t<div class=\"elementor-element elementor-element-e7e01a7 elementor-widget elementor-widget-heading\" data-id=\"e7e01a7\" data-element_type=\"widget\" data-widget_type=\"heading.default\">\n\t\t\t\t<div class=\"elementor-widget-container\">\n\t\t\t<h2 class=\"elementor-heading-title elementor-size-default\">\u015aled\u017a nas<\/h2>\t\t<\/div>\n\t\t\t\t<\/div>\n\t\t\t\t<div class=\"elementor-element elementor-element-12b048d e-grid-align-mobile-left elementor-shape-rounded elementor-grid-0 e-grid-align-center elementor-widget elementor-widget-social-icons\" data-id=\"12b048d\" data-element_type=\"widget\" data-widget_type=\"social-icons.default\">\n\t\t\t\t<div class=\"elementor-widget-container\">\n\t\t\t\t\t<div class=\"elementor-social-icons-wrapper elementor-grid\">\n\t\t\t\t\t\t\t<span class=\"elementor-grid-item\">\n\t\t\t\t\t<a class=\"elementor-icon elementor-social-icon elementor-social-icon-facebook-f elementor-repeater-item-9e740e1\" href=\"https:\/\/www.facebook.com\/ubranka.coocky\">\n\t\t\t\t\t\t<span class=\"elementor-screen-only\">Facebook-f<\/span>\n\t\t\t\t\t\t<i class=\"fab fa-facebook-f\"><\/i>\t\t\t\t\t<\/a>\n\t\t\t\t<\/span>\n\t\t\t\t\t<\/div>\n\t\t\t\t<\/div>\n\t\t\t\t<\/div>\n\t\t\t\t\t<\/div>\n\t\t<\/div>\n\t\t\t\t\t<\/div>\n\t\t<\/section>\n\t\t\t\t\t<\/div>\n\t\t<\/div>\n\t\t\t\t\t<\/div>\n\t\t<\/section>\n\t\t\t\t<\/div>\n\t\t","protected":false},"excerpt":{"rendered":"<p>O nas Kim jeste\u015bmy? Istniejemy na rynku od 10 lat. W swojej ofercie posiadamy liczne produkty r\u00f3\u017cnej kategorii, m.in. szelki, kurtki, bezr\u0119kawniki, bluzy, majtki i wiele innych. Do pracy zabieramy si\u0119 ka\u017cdego dnia z pasj\u0105 i zami\u0142owaniem do wszystkich pupili &#8211; naszych klient\u00f3w. Tw\u00f3j ulubieniec jest cz\u0142onkiem rodziny, dlatego zadbaj o niego, a my Ci [&hellip;]<\/p>\n","protected":false},"author":1,"featured_media":0,"parent":0,"menu_order":0,"comment_status":"closed","ping_status":"closed","template":"","meta":{"_acf_changed":false,"site-sidebar-layout":"no-sidebar","site-content-layout":"page-builder","ast-site-content-layout":"full-width-container","site-content-style":"unboxed","site-sidebar-style":"unboxed","ast-global-header-display":"","ast-banner-title-visibility":"","ast-main-header-display":"","ast-hfb-above-header-display":"","ast-hfb-below-header-display":"","ast-hfb-mobile-header-display":"","site-post-title":"disabled","ast-breadcrumbs-content":"","ast-featured-img":"disabled","footer-sml-layout":"","theme-transparent-header-meta":"enabled","adv-header-id-meta":"","stick-header-meta":"","header-above-stick-meta":"","header-main-stick-meta":"","header-below-stick-meta":"","astra-migrate-meta-layouts":"set","ast-page-background-enabled":"default","ast-page-background-meta":{"desktop":{"background-color":"var(--ast-global-color-4)","background-image":"","background-repeat":"repeat","background-position":"center center","background-size":"auto","background-attachment":"scroll","background-type":"","background-media":"","overlay-type":"","overlay-color":"","overlay-gradient":""},"tablet":{"background-color":"","background-image":"","background-repeat":"repeat","background-position":"center center","background-size":"auto","background-attachment":"scroll","background-type":"","background-media":"","overlay-type":"","overlay-color":"","overlay-gradient":""},"mobile":{"background-color":"","background-image":"","background-repeat":"repeat","background-position":"center center","background-size":"auto","background-attachment":"scroll","background-type":"","background-media":"","overlay-type":"","overlay-color":"","overlay-gradient":""}},"ast-content-background-meta":{"desktop":{"background-color":"var(--ast-global-color-5)","background-image":"","background-repeat":"repeat","background-position":"center center","background-size":"auto","background-attachment":"scroll","background-type":"","background-media":"","overlay-type":"","overlay-color":"","overlay-gradient":""},"tablet":{"background-color":"var(--ast-global-color-5)","background-image":"","background-repeat":"repeat","background-position":"center center","background-size":"auto","background-attachment":"scroll","background-type":"","background-media":"","overlay-type":"","overlay-color":"","overlay-gradient":""},"mobile":{"background-color":"var(--ast-global-color-5)","background-image":"","background-repeat":"repeat","background-position":"center center","background-size":"auto","background-attachment":"scroll","background-type":"","background-media":"","overlay-type":"","overlay-color":"","overlay-gradient":""}},"footnotes":""},"acf":[],"yoast_head":"<!-- This site is optimized with the Yoast SEO plugin v22.5 - https:\/\/yoast.com\/wordpress\/plugins\/seo\/ -->\n<title>O Nas - Sprzeda\u017c Odzie\u017cy dla Ps\u00f3w i Kot\u00f3w Szytej na Miar\u0119.<\/title>\n<meta name=\"description\" content=\"Zapewniamy wysokojako\u015bciow\u0105, wygodn\u0105 odzie\u017c dla ps\u00f3w i kot\u00f3w, kt\u00f3r\u0105 mo\u017cna zam\u00f3wi\u0107 tak\u017ce na specjalny wymiar. Poznaj nasz\u0105 pe\u0142n\u0105 ofert\u0119 w sklepie Coocky!\" \/>\n<meta name=\"robots\" content=\"index, follow, max-snippet:-1, max-image-preview:large, max-video-preview:-1\" \/>\n<link rel=\"canonical\" href=\"https:\/\/coocky.pl\/index.php\/o-nas\/\" \/>\n<meta property=\"og:locale\" content=\"pl_PL\" \/>\n<meta property=\"og:type\" content=\"article\" \/>\n<meta property=\"og:title\" content=\"O Nas - Sprzeda\u017c Odzie\u017cy dla Ps\u00f3w i Kot\u00f3w Szytej na Miar\u0119.\" \/>\n<meta property=\"og:description\" content=\"Zapewniamy wysokojako\u015bciow\u0105, wygodn\u0105 odzie\u017c dla ps\u00f3w i kot\u00f3w, kt\u00f3r\u0105 mo\u017cna zam\u00f3wi\u0107 tak\u017ce na specjalny wymiar. Poznaj nasz\u0105 pe\u0142n\u0105 ofert\u0119 w sklepie Coocky!\" \/>\n<meta property=\"og:url\" content=\"https:\/\/coocky.pl\/index.php\/o-nas\/\" \/>\n<meta property=\"article:publisher\" content=\"https:\/\/www.facebook.com\/ubranka.coocky\" \/>\n<meta property=\"article:modified_time\" content=\"2024-05-16T12:54:59+00:00\" \/>\n<meta property=\"og:image\" content=\"https:\/\/coocky.pl\/wp-content\/uploads\/2020\/08\/Tosiaa-300x300.jpg\" \/>\n<meta name=\"twitter:card\" content=\"summary_large_image\" \/>\n<meta name=\"twitter:label1\" content=\"Szacowany czas czytania\" \/>\n\t<meta name=\"twitter:data1\" content=\"2 minuty\" \/>\n<script type=\"application\/ld+json\" class=\"yoast-schema-graph\">{\"@context\":\"https:\/\/schema.org\",\"@graph\":[{\"@type\":\"WebPage\",\"@id\":\"https:\/\/coocky.pl\/index.php\/o-nas\/\",\"url\":\"https:\/\/coocky.pl\/index.php\/o-nas\/\",\"name\":\"O Nas - Sprzeda\u017c Odzie\u017cy dla Ps\u00f3w i Kot\u00f3w Szytej na Miar\u0119.\",\"isPartOf\":{\"@id\":\"https:\/\/coocky.pl\/#website\"},\"primaryImageOfPage\":{\"@id\":\"https:\/\/coocky.pl\/index.php\/o-nas\/#primaryimage\"},\"image\":{\"@id\":\"https:\/\/coocky.pl\/index.php\/o-nas\/#primaryimage\"},\"thumbnailUrl\":\"https:\/\/coocky.pl\/wp-content\/uploads\/2020\/08\/Tosiaa-300x300.jpg\",\"datePublished\":\"2017-12-17T10:06:43+00:00\",\"dateModified\":\"2024-05-16T12:54:59+00:00\",\"description\":\"Zapewniamy wysokojako\u015bciow\u0105, wygodn\u0105 odzie\u017c dla ps\u00f3w i kot\u00f3w, kt\u00f3r\u0105 mo\u017cna zam\u00f3wi\u0107 tak\u017ce na specjalny wymiar. Poznaj nasz\u0105 pe\u0142n\u0105 ofert\u0119 w sklepie Coocky!\",\"breadcrumb\":{\"@id\":\"https:\/\/coocky.pl\/index.php\/o-nas\/#breadcrumb\"},\"inLanguage\":\"pl-PL\",\"potentialAction\":[{\"@type\":\"ReadAction\",\"target\":[\"https:\/\/coocky.pl\/index.php\/o-nas\/\"]}]},{\"@type\":\"ImageObject\",\"inLanguage\":\"pl-PL\",\"@id\":\"https:\/\/coocky.pl\/index.php\/o-nas\/#primaryimage\",\"url\":\"https:\/\/coocky.pl\/wp-content\/uploads\/2020\/08\/Tosiaa.jpg\",\"contentUrl\":\"https:\/\/coocky.pl\/wp-content\/uploads\/2020\/08\/Tosiaa.jpg\",\"width\":723,\"height\":723},{\"@type\":\"BreadcrumbList\",\"@id\":\"https:\/\/coocky.pl\/index.php\/o-nas\/#breadcrumb\",\"itemListElement\":[{\"@type\":\"ListItem\",\"position\":1,\"name\":\"Strona g\u0142\u00f3wna\",\"item\":\"https:\/\/coocky.pl\/\"},{\"@type\":\"ListItem\",\"position\":2,\"name\":\"O nas\"}]},{\"@type\":\"WebSite\",\"@id\":\"https:\/\/coocky.pl\/#website\",\"url\":\"https:\/\/coocky.pl\/\",\"name\":\"\",\"description\":\"Sklep z ubrankami dla ps\u00f3w\",\"potentialAction\":[{\"@type\":\"SearchAction\",\"target\":{\"@type\":\"EntryPoint\",\"urlTemplate\":\"https:\/\/coocky.pl\/?s={search_term_string}\"},\"query-input\":\"required name=search_term_string\"}],\"inLanguage\":\"pl-PL\"}]}<\/script>\n<!-- \/ Yoast SEO plugin. -->","yoast_head_json":{"title":"O Nas - Sprzeda\u017c Odzie\u017cy dla Ps\u00f3w i Kot\u00f3w Szytej na Miar\u0119.","description":"Zapewniamy wysokojako\u015bciow\u0105, wygodn\u0105 odzie\u017c dla ps\u00f3w i kot\u00f3w, kt\u00f3r\u0105 mo\u017cna zam\u00f3wi\u0107 tak\u017ce na specjalny wymiar. Poznaj nasz\u0105 pe\u0142n\u0105 ofert\u0119 w sklepie Coocky!","robots":{"index":"index","follow":"follow","max-snippet":"max-snippet:-1","max-image-preview":"max-image-preview:large","max-video-preview":"max-video-preview:-1"},"canonical":"https:\/\/coocky.pl\/index.php\/o-nas\/","og_locale":"pl_PL","og_type":"article","og_title":"O Nas - Sprzeda\u017c Odzie\u017cy dla Ps\u00f3w i Kot\u00f3w Szytej na Miar\u0119.","og_description":"Zapewniamy wysokojako\u015bciow\u0105, wygodn\u0105 odzie\u017c dla ps\u00f3w i kot\u00f3w, kt\u00f3r\u0105 mo\u017cna zam\u00f3wi\u0107 tak\u017ce na specjalny wymiar. Poznaj nasz\u0105 pe\u0142n\u0105 ofert\u0119 w sklepie Coocky!","og_url":"https:\/\/coocky.pl\/index.php\/o-nas\/","article_publisher":"https:\/\/www.facebook.com\/ubranka.coocky","article_modified_time":"2024-05-16T12:54:59+00:00","og_image":[{"url":"https:\/\/coocky.pl\/wp-content\/uploads\/2020\/08\/Tosiaa-300x300.jpg"}],"twitter_card":"summary_large_image","twitter_misc":{"Szacowany czas czytania":"2 minuty"},"schema":{"@context":"https:\/\/schema.org","@graph":[{"@type":"WebPage","@id":"https:\/\/coocky.pl\/index.php\/o-nas\/","url":"https:\/\/coocky.pl\/index.php\/o-nas\/","name":"O Nas - Sprzeda\u017c Odzie\u017cy dla Ps\u00f3w i Kot\u00f3w Szytej na Miar\u0119.","isPartOf":{"@id":"https:\/\/coocky.pl\/#website"},"primaryImageOfPage":{"@id":"https:\/\/coocky.pl\/index.php\/o-nas\/#primaryimage"},"image":{"@id":"https:\/\/coocky.pl\/index.php\/o-nas\/#primaryimage"},"thumbnailUrl":"https:\/\/coocky.pl\/wp-content\/uploads\/2020\/08\/Tosiaa-300x300.jpg","datePublished":"2017-12-17T10:06:43+00:00","dateModified":"2024-05-16T12:54:59+00:00","description":"Zapewniamy wysokojako\u015bciow\u0105, wygodn\u0105 odzie\u017c dla ps\u00f3w i kot\u00f3w, kt\u00f3r\u0105 mo\u017cna zam\u00f3wi\u0107 tak\u017ce na specjalny wymiar. Poznaj nasz\u0105 pe\u0142n\u0105 ofert\u0119 w sklepie Coocky!","breadcrumb":{"@id":"https:\/\/coocky.pl\/index.php\/o-nas\/#breadcrumb"},"inLanguage":"pl-PL","potentialAction":[{"@type":"ReadAction","target":["https:\/\/coocky.pl\/index.php\/o-nas\/"]}]},{"@type":"ImageObject","inLanguage":"pl-PL","@id":"https:\/\/coocky.pl\/index.php\/o-nas\/#primaryimage","url":"https:\/\/coocky.pl\/wp-content\/uploads\/2020\/08\/Tosiaa.jpg","contentUrl":"https:\/\/coocky.pl\/wp-content\/uploads\/2020\/08\/Tosiaa.jpg","width":723,"height":723},{"@type":"BreadcrumbList","@id":"https:\/\/coocky.pl\/index.php\/o-nas\/#breadcrumb","itemListElement":[{"@type":"ListItem","position":1,"name":"Strona g\u0142\u00f3wna","item":"https:\/\/coocky.pl\/"},{"@type":"ListItem","position":2,"name":"O nas"}]},{"@type":"WebSite","@id":"https:\/\/coocky.pl\/#website","url":"https:\/\/coocky.pl\/","name":"","description":"Sklep z ubrankami dla ps\u00f3w","potentialAction":[{"@type":"SearchAction","target":{"@type":"EntryPoint","urlTemplate":"https:\/\/coocky.pl\/?s={search_term_string}"},"query-input":"required name=search_term_string"}],"inLanguage":"pl-PL"}]}},"_links":{"self":[{"href":"https:\/\/coocky.pl\/index.php\/wp-json\/wp\/v2\/pages\/2099"}],"collection":[{"href":"https:\/\/coocky.pl\/index.php\/wp-json\/wp\/v2\/pages"}],"about":[{"href":"https:\/\/coocky.pl\/index.php\/wp-json\/wp\/v2\/types\/page"}],"author":[{"embeddable":true,"href":"https:\/\/coocky.pl\/index.php\/wp-json\/wp\/v2\/users\/1"}],"replies":[{"embeddable":true,"href":"https:\/\/coocky.pl\/index.php\/wp-json\/wp\/v2\/comments?post=2099"}],"version-history":[{"count":1,"href":"https:\/\/coocky.pl\/index.php\/wp-json\/wp\/v2\/pages\/2099\/revisions"}],"predecessor-version":[{"id":5205,"href":"https:\/\/coocky.pl\/index.php\/wp-json\/wp\/v2\/pages\/2099\/revisions\/5205"}],"wp:attachment":[{"href":"https:\/\/coocky.pl\/index.php\/wp-json\/wp\/v2\/media?parent=2099"}],"curies":[{"name":"wp","href":"https:\/\/api.w.org\/{rel}","templated":true}]}}